{"id":1619,"date":"2020-09-30T14:47:28","date_gmt":"2020-09-30T17:47:28","guid":{"rendered":"https:\/\/cgceducacao.com.br\/?page_id=1619"},"modified":"2026-03-09T14:29:42","modified_gmt":"2026-03-09T17:29:42","slug":"clientes","status":"publish","type":"page","link":"https:\/\/cgceducacao.com.br\/index.php\/clientes\/","title":{"rendered":"Clientes"},"content":{"rendered":"<div class=\"wp-block-image\">\n<figure class=\"aligncenter\"><a href=\"https:\/\/colegioequipe.g12.br\/\"><img decoding=\"async\" src=\"https:\/\/cgceducacao.com.br\/wp-content\/uploads\/2021\/05\/Design-sem-nome-6.png\" alt=\"\"\/><\/a><figcaption class=\"wp-element-caption\"><strong><span style=\"color: #000000;\"><strong><a href=\"https:\/\/colegioequipe.g12.br\/\">Col\u00e9gio Equipe<\/a><\/strong><\/span><\/strong><\/figcaption><\/figure>\n<\/div>\n\n<div class=\"wp-block-image\">\n<figure class=\"aligncenter\"><a href=\"https:\/\/pioneiro.com.br\/\"><img decoding=\"async\" src=\"https:\/\/cgceducacao.com.br\/wp-content\/uploads\/2022\/11\/WhatsApp-Image-2022-11-07-at-12.54.04-1024x724.jpeg\" alt=\"\"\/><\/a><figcaption class=\"wp-element-caption\"><strong><strong><span style=\"color: #000000;\"><strong><a href=\"https:\/\/pioneiro.com.br\/\">Centro Educacional Pioneiro<\/a><\/strong><\/span><\/strong><\/strong><\/figcaption><\/figure>\n<\/div>\n\n\n<figure><\/figure>\n\n\n<div class=\"wp-block-image alignnone\">\n<figure class=\"aligncenter\"><a href=\"https:\/\/site.veracruz.edu.br\/instituto-vera-cruz\/nosso-instituto\/\"><img decoding=\"async\" src=\"https:\/\/cgceducacao.com.br\/wp-content\/uploads\/2024\/04\/IconButton_CDE65FCF_DC65_4112_41E7_9812BA098E03-300x212.png\" alt=\"\"\/><\/a><figcaption class=\"wp-element-caption\"><strong><strong><span style=\"color: #000000;\"><strong><a href=\"https:\/\/site.veracruz.edu.br\/instituto-vera-cruz\/nosso-instituto\/\">Instituto Vera Cruz<\/a><\/strong><\/span><\/strong><\/strong><\/figcaption><\/figure>\n<\/div>\n\n\n<figcaption><\/figcaption>\n\n\n\n<p><span style=\"color: #000000;\"><\/span><\/p>\n\n\n<div class=\"wp-block-image\">\n<figure class=\"aligncenter is-resized\"><a href=\"https:\/\/site.veracruz.edu.br\/\"><img decoding=\"async\" src=\"https:\/\/cgceducacao.com.br\/wp-content\/uploads\/2024\/04\/images-1.png\" alt=\"\" style=\"width:190px;height:auto\"\/><\/a><figcaption class=\"wp-element-caption\"><strong><span style=\"color: #000000;\"><strong><a href=\"https:\/\/site.veracruz.edu.br\/\">Escola Vera Cruz<\/a><\/strong><\/span><\/strong><\/figcaption><\/figure>\n<\/div>\n\n\n\n<div class=\"wp-block-image\">\n<figure class=\"aligncenter\"><a href=\"http:\/\/liceuescola.com.br\"><img decoding=\"async\" src=\"https:\/\/cgceducacao.com.br\/wp-content\/uploads\/2022\/08\/download-_1_.jpg\" alt=\"\"\/><\/a><figcaption class=\"wp-element-caption\"><span style=\"color: #000000;\"><strong><a href=\"http:\/\/liceuescola.com.br\">Liceu de Artes e Of\u00edcios de S\u00e3o Paulo<\/a><\/strong><\/span><\/figcaption><\/figure>\n<\/div>\n\n<div class=\"wp-block-image\">\n<figure class=\"aligncenter\"><a href=\"https:\/\/colegiomagno.com.br\/\"><img decoding=\"async\" src=\"https:\/\/cgceducacao.com.br\/wp-content\/uploads\/2024\/04\/logo.png\" alt=\"\"\/><\/a><figcaption class=\"wp-element-caption\"><a href=\"https:\/\/colegiomagno.com.br\/\"><span style=\"color: #000000;\"><strong>Col\u00e9gio Magno\/M\u00e1gico de Oz<\/strong><\/span><br><\/a><\/figcaption><\/figure>\n<\/div>\n\n<div class=\"wp-block-image\">\n<figure class=\"aligncenter size-full\"><a href=\"https:\/\/www.escolavillare.com.br\/\"><img loading=\"lazy\" decoding=\"async\" width=\"123\" height=\"173\" src=\"https:\/\/cgceducacao.com.br\/wp-content\/uploads\/2025\/11\/20150608175559538.jpg\" alt=\"\" class=\"wp-image-22182\"\/><\/a><figcaption class=\"wp-element-caption\"><strong><a href=\"https:\/\/www.escolavillare.com.br\/\">Escola Villare<\/a><\/strong><\/figcaption><\/figure>\n<\/div>\n\n\n<p><span style=\"color: #000000;\"><strong>Clientes atendidos<\/strong><\/span><\/p>\n\n\n\n<ul class=\"wp-block-list\">\n<li><span style=\"color: #000000;\">Carand\u00e1 Educa\u00e7\u00e3o<\/span><\/li>\n\n\n\n<li><span style=\"color: #000000;\">Col\u00e9gio Dante Alighieri<\/span><\/li>\n\n\n\n<li><span style=\"color: #000000;\">Escola M\u00f3bile<\/span><\/li>\n\n\n\n<li><span style=\"color: #000000;\">Mec\u00e2nica Poli \/ USP<\/span><\/li>\n\n\n\n<li><span style=\"color: #000000;\">Seven Idiomas<\/span><\/li>\n\n\n\n<li><span style=\"color: #000000;\">Escola Viva<\/span><\/li>\n\n\n\n<li><span style=\"color: #000000;\">Escola da Vila<\/span><\/li>\n\n\n\n<li><span style=\"color: #000000;\">Col\u00e9gio Oswald de Andrade<\/span><\/li>\n\n\n\n<li><span style=\"color: #000000;\">Escola Carlitos<\/span><\/li>\n\n\n\n<li><span style=\"color: #000000;\">Instituto Arte na Escola<\/span><\/li>\n\n\n\n<li><span style=\"color: #000000;\">Escola Quintal<\/span><\/li>\n\n\n\n<li><span style=\"color: #000000;\">Escola Estilo de Aprender<\/span><\/li>\n\n\n\n<li><span style=\"color: #000000;\">Escola Castanheiras<\/span><\/li>\n\n\n\n<li><span style=\"color: #000000;\">Prima Escola Montessori<\/span><\/li>\n\n\n\n<li><span style=\"color: #000000;\">Escola Internacional de Alphaville<\/span><\/li>\n\n\n\n<li><span style=\"color: #000000;\">Col\u00e9gio Radial<\/span><\/li>\n\n\n\n<li><span style=\"color: #000000;\">Organiza\u00e7\u00e3o Montessori do Brasil &#8211; <b>OMB<\/b><\/span><\/li>\n\n\n\n<li><span style=\"color: #000000;\">Bluebonnet Bilingual School<\/span><\/li>\n\n\n\n<li><span style=\"color: #000000;\">Corrente Viva<\/span><\/li>\n\n\n\n<li><span style=\"color: #000000;\">Ponto \u00d4mega<\/span><\/li>\n\n\n\n<li><span style=\"color: #000000;\">Escola Eugenio Montale<\/span><\/li>\n\n\n\n<li><span style=\"color: #000000;\">Col\u00e9gio Augusto Laranja<\/span><\/li>\n\n\n\n<li><span style=\"color: #000000;\">Uniradial<\/span><\/li>\n\n\n\n<li><span style=\"color: #000000;\">Grupo Escuta<\/span><\/li>\n\n\n\n<li><span style=\"color: #000000;\">Escola Projeto Vida<\/span><\/li>\n\n\n\n<li><span style=\"color: #000000;\">Col\u00e9gio Global<\/span><\/li>\n\n\n\n<li><span style=\"color: #000000;\">Col\u00e9gio Pent\u00e1gono<\/span><\/li>\n\n\n\n<li><span style=\"color: #000000;\">Associa\u00e7\u00e3o Brasileira de Dislexia<\/span><\/li>\n\n\n\n<li><span style=\"color: #000000;\">ILPeretz<\/span><\/li>\n\n\n\n<li><span style=\"color: #000000;\">A\u00e7\u00e3o da Cidadania<\/span><\/li>\n\n\n\n<li><span style=\"color: #000000;\">Dream Kids<\/span><\/li>\n\n\n\n<li><span style=\"color: #000000;\">Col\u00e9gio Hugo Sarmento<\/span><\/li>\n\n\n\n<li><span style=\"color: #000000;\">Escola Bola de Neve<\/span><\/li>\n\n\n\n<li><span style=\"color: #000000;\">Escola Su\u00ed\u00e7o Brasileiro de S\u00e3o Paulo<\/span><\/li>\n\n\n\n<li><span style=\"color: #000000;\">Edac &#8211; Equipe de Diagn\u00f3stico e Atendimento Cl\u00ednico<\/span><\/li>\n\n\n\n<li><span style=\"color: #000000;\">Escola Villare<\/span><\/li>\n\n\n\n<li><span style=\"color: #000000;\">Associa\u00e7\u00e3o Brasileira de Psicopedagia (ABPp)<\/span><\/li>\n\n\n\n<li><span style=\"color: #000000;\">Turma da Touca<\/span><\/li>\n\n\n\n<li><span style=\"color: #000000;\">Col\u00e9gio Albert Sabin<\/span><\/li>\n\n\n\n<li><span style=\"color: #000000;\">Estudo, Estrat\u00e9gia e Informa\u00e7\u00e3o<\/span><\/li>\n\n\n\n<li><span style=\"color: #000000;\">Instituto Sidarta<\/span><\/li>\n\n\n\n<li><span style=\"color: #000000;\">Espa\u00e7o Atual<\/span><\/li>\n\n\n\n<li><span style=\"color: #000000;\">Col\u00e9gio Brasil Canad\u00e1<\/span><\/li>\n\n\n\n<li><span style=\"color: #000000;\">Pedagogia Subjetividade<\/span><\/li>\n\n\n\n<li><span style=\"color: #000000;\">Associa\u00e7\u00e3o Paulista de Apoio \u00e0 Fam\u00edlia (Apaf)<\/span><\/li>\n\n\n\n<li><span style=\"color: #000000;\">Paulo Ronca<\/span><\/li>\n\n\n\n<li><span style=\"color: #000000;\">Col\u00e9gio S\u00e3o Judas Tadeu<\/span><\/li>\n\n\n\n<li><span style=\"color: #000000;\">Rede POC<\/span><\/li>\n\n\n\n<li><span style=\"color: #000000;\">Escola Cidade Jardim \/ PlayPen<\/span><\/li>\n\n\n\n<li><span style=\"color: #000000;\">Maple Bear Alto de Pinheiros<\/span><\/li>\n\n\n\n<li><span style=\"color: #000000;\">Col\u00e9gio Of\u00e9lia Fonseca<\/span><\/li>\n\n\n\n<li><span style=\"color: #000000;\">Escola NANE &#8211; Nova \u00c2ngulo Novo Esquema<\/span><\/li>\n\n\n\n<li><span style=\"color: #000000;\">Col\u00e9gio Elvira Brand\u00e3o<\/span><\/li>\n\n\n\n<li><span style=\"color: #000000;\">Col\u00e9gio Graphein<\/span><\/li>\n\n\n\n<li><span style=\"color: #000000;\">Col\u00e9gio Jardim An\u00e1lia Franco<\/span><\/li>\n\n\n\n<li><span style=\"color: #000000;\">Semin\u00e1rios de Psicopedagogia<\/span><\/li>\n\n\n\n<li><span style=\"color: #000000;\">Embaixada da Col\u00f4mbia<\/span><\/li>\n\n\n\n<li><span style=\"color: #000000;\">Stance Dual<\/span><\/li>\n\n\n\n<li><span style=\"color: #000000;\">Tamandu\u00e1Edu (Curta! Edu)<\/span><\/li>\n\n\n\n<li><span style=\"color: #000000;\">Instituto Singularidades<\/span><\/li>\n\n\n\n<li><span style=\"color: #000000;\">Aprendizes Digital<\/span><\/li>\n\n\n\n<li><span style=\"color: #000000;\">Escola Nossa Senhora das Gra\u00e7as (Gracinha)<\/span><\/li>\n\n\n\n<li><span style=\"color: #000000;\">Fam\u00edlia DinDim (teatro)<\/span><\/li>\n\n\n\n<li><span style=\"color: #000000;\">Transformative Learning Technologies Lab &#8211; <b>TLTL <\/b>(Universidade de Columbia)<\/span><\/li>\n\n\n\n<li>Escola Tarsila do Amaral<\/li>\n<\/ul>\n","protected":false},"excerpt":{"rendered":"<p>Clientes atendidos<\/p>\n","protected":false},"author":1,"featured_media":0,"parent":0,"menu_order":0,"comment_status":"closed","ping_status":"closed","template":"","meta":{"footnotes":""},"class_list":["post-1619","page","type-page","status-publish","hentry"],"yoast_head":"<!-- This site is optimized with the Yoast SEO plugin v27.3 - https:\/\/yoast.com\/product\/yoast-seo-wordpress\/ -->\n<title>Clientes - CGC<\/title>\n<meta name=\"description\" content=\"Aqui est\u00e3o todos os clientes que j\u00e1 tivemos o prazer de atender e que tivemos muito sucesso juntos. A CGC agradece a confian\u00e7a!\" \/>\n<meta name=\"robots\" content=\"index, follow, max-snippet:-1, max-image-preview:large, max-video-preview:-1\" \/>\n<link rel=\"canonical\" href=\"https:\/\/cgceducacao.com.br\/index.php\/clientes\/\" \/>\n<meta property=\"og:locale\" content=\"pt_BR\" \/>\n<meta property=\"og:type\" content=\"article\" \/>\n<meta property=\"og:title\" content=\"Clientes - CGC\" \/>\n<meta property=\"og:description\" content=\"Aqui est\u00e3o todos os clientes que j\u00e1 tivemos o prazer de atender e que tivemos muito sucesso juntos. A CGC agradece a confian\u00e7a!\" \/>\n<meta property=\"og:url\" content=\"https:\/\/cgceducacao.com.br\/index.php\/clientes\/\" \/>\n<meta property=\"og:site_name\" content=\"CGC\" \/>\n<meta property=\"article:publisher\" content=\"https:\/\/www.facebook.com\/cgceducacao\/?locale=pt_BR\" \/>\n<meta property=\"article:modified_time\" content=\"2026-03-09T17:29:42+00:00\" \/>\n<meta property=\"og:image\" content=\"https:\/\/cgceducacao.com.br\/wp-content\/uploads\/2021\/05\/Design-sem-nome-6.png\" \/>\n<meta name=\"twitter:card\" content=\"summary_large_image\" \/>\n<meta name=\"twitter:site\" content=\"@cgceducacao\" \/>\n<meta name=\"twitter:label1\" content=\"Est. tempo de leitura\" \/>\n\t<meta name=\"twitter:data1\" content=\"3 minutos\" \/>\n<script type=\"application\/ld+json\" class=\"yoast-schema-graph\">{\"@context\":\"https:\\\/\\\/schema.org\",\"@graph\":[{\"@type\":\"WebPage\",\"@id\":\"https:\\\/\\\/cgceducacao.com.br\\\/index.php\\\/clientes\\\/\",\"url\":\"https:\\\/\\\/cgceducacao.com.br\\\/index.php\\\/clientes\\\/\",\"name\":\"Clientes - CGC\",\"isPartOf\":{\"@id\":\"https:\\\/\\\/cgceducacao.com.br\\\/#website\"},\"primaryImageOfPage\":{\"@id\":\"https:\\\/\\\/cgceducacao.com.br\\\/index.php\\\/clientes\\\/#primaryimage\"},\"image\":{\"@id\":\"https:\\\/\\\/cgceducacao.com.br\\\/index.php\\\/clientes\\\/#primaryimage\"},\"thumbnailUrl\":\"https:\\\/\\\/cgceducacao.com.br\\\/wp-content\\\/uploads\\\/2021\\\/05\\\/Design-sem-nome-6.png\",\"datePublished\":\"2020-09-30T17:47:28+00:00\",\"dateModified\":\"2026-03-09T17:29:42+00:00\",\"description\":\"Aqui est\u00e3o todos os clientes que j\u00e1 tivemos o prazer de atender e que tivemos muito sucesso juntos. A CGC agradece a confian\u00e7a!\",\"breadcrumb\":{\"@id\":\"https:\\\/\\\/cgceducacao.com.br\\\/index.php\\\/clientes\\\/#breadcrumb\"},\"inLanguage\":\"pt-BR\",\"potentialAction\":[{\"@type\":\"ReadAction\",\"target\":[\"https:\\\/\\\/cgceducacao.com.br\\\/index.php\\\/clientes\\\/\"]}]},{\"@type\":\"ImageObject\",\"inLanguage\":\"pt-BR\",\"@id\":\"https:\\\/\\\/cgceducacao.com.br\\\/index.php\\\/clientes\\\/#primaryimage\",\"url\":\"https:\\\/\\\/cgceducacao.com.br\\\/wp-content\\\/uploads\\\/2021\\\/05\\\/Design-sem-nome-6.png\",\"contentUrl\":\"https:\\\/\\\/cgceducacao.com.br\\\/wp-content\\\/uploads\\\/2021\\\/05\\\/Design-sem-nome-6.png\",\"width\":500,\"height\":500},{\"@type\":\"BreadcrumbList\",\"@id\":\"https:\\\/\\\/cgceducacao.com.br\\\/index.php\\\/clientes\\\/#breadcrumb\",\"itemListElement\":[{\"@type\":\"ListItem\",\"position\":1,\"name\":\"In\u00edcio\",\"item\":\"https:\\\/\\\/cgceducacao.com.br\\\/\"},{\"@type\":\"ListItem\",\"position\":2,\"name\":\"Clientes\"}]},{\"@type\":\"WebSite\",\"@id\":\"https:\\\/\\\/cgceducacao.com.br\\\/#website\",\"url\":\"https:\\\/\\\/cgceducacao.com.br\\\/\",\"name\":\"CGC\",\"description\":\"Comunica\u00e7\u00e3o em Educa\u00e7\u00e3o\",\"publisher\":{\"@id\":\"https:\\\/\\\/cgceducacao.com.br\\\/#organization\"},\"potentialAction\":[{\"@type\":\"SearchAction\",\"target\":{\"@type\":\"EntryPoint\",\"urlTemplate\":\"https:\\\/\\\/cgceducacao.com.br\\\/?s={search_term_string}\"},\"query-input\":{\"@type\":\"PropertyValueSpecification\",\"valueRequired\":true,\"valueName\":\"search_term_string\"}}],\"inLanguage\":\"pt-BR\"},{\"@type\":\"Organization\",\"@id\":\"https:\\\/\\\/cgceducacao.com.br\\\/#organization\",\"name\":\"CGC EDUCA\u00c7\u00c3O\",\"url\":\"https:\\\/\\\/cgceducacao.com.br\\\/\",\"logo\":{\"@type\":\"ImageObject\",\"inLanguage\":\"pt-BR\",\"@id\":\"https:\\\/\\\/cgceducacao.com.br\\\/#\\\/schema\\\/logo\\\/image\\\/\",\"url\":\"https:\\\/\\\/cgceducacao.com.br\\\/wp-content\\\/uploads\\\/2022\\\/04\\\/LOGO-CGC.jpg\",\"contentUrl\":\"https:\\\/\\\/cgceducacao.com.br\\\/wp-content\\\/uploads\\\/2022\\\/04\\\/LOGO-CGC.jpg\",\"width\":200,\"height\":200,\"caption\":\"CGC EDUCA\u00c7\u00c3O\"},\"image\":{\"@id\":\"https:\\\/\\\/cgceducacao.com.br\\\/#\\\/schema\\\/logo\\\/image\\\/\"},\"sameAs\":[\"https:\\\/\\\/www.facebook.com\\\/cgceducacao\\\/?locale=pt_BR\",\"https:\\\/\\\/x.com\\\/cgceducacao\",\"https:\\\/\\\/www.instagram.com\\\/cgceducacao\\\/\",\"https:\\\/\\\/www.linkedin.com\\\/company\\\/cgc-educacao?originalSubdomain=br\",\"https:\\\/\\\/www.youtube.com\\\/@CGCComunicacaoemEducacao\"]}]}<\/script>\n<!-- \/ Yoast SEO plugin. -->","yoast_head_json":{"title":"Clientes - CGC","description":"Aqui est\u00e3o todos os clientes que j\u00e1 tivemos o prazer de atender e que tivemos muito sucesso juntos. A CGC agradece a confian\u00e7a!","robots":{"index":"index","follow":"follow","max-snippet":"max-snippet:-1","max-image-preview":"max-image-preview:large","max-video-preview":"max-video-preview:-1"},"canonical":"https:\/\/cgceducacao.com.br\/index.php\/clientes\/","og_locale":"pt_BR","og_type":"article","og_title":"Clientes - CGC","og_description":"Aqui est\u00e3o todos os clientes que j\u00e1 tivemos o prazer de atender e que tivemos muito sucesso juntos. A CGC agradece a confian\u00e7a!","og_url":"https:\/\/cgceducacao.com.br\/index.php\/clientes\/","og_site_name":"CGC","article_publisher":"https:\/\/www.facebook.com\/cgceducacao\/?locale=pt_BR","article_modified_time":"2026-03-09T17:29:42+00:00","og_image":[{"url":"https:\/\/cgceducacao.com.br\/wp-content\/uploads\/2021\/05\/Design-sem-nome-6.png","type":"","width":"","height":""}],"twitter_card":"summary_large_image","twitter_site":"@cgceducacao","twitter_misc":{"Est. tempo de leitura":"3 minutos"},"schema":{"@context":"https:\/\/schema.org","@graph":[{"@type":"WebPage","@id":"https:\/\/cgceducacao.com.br\/index.php\/clientes\/","url":"https:\/\/cgceducacao.com.br\/index.php\/clientes\/","name":"Clientes - CGC","isPartOf":{"@id":"https:\/\/cgceducacao.com.br\/#website"},"primaryImageOfPage":{"@id":"https:\/\/cgceducacao.com.br\/index.php\/clientes\/#primaryimage"},"image":{"@id":"https:\/\/cgceducacao.com.br\/index.php\/clientes\/#primaryimage"},"thumbnailUrl":"https:\/\/cgceducacao.com.br\/wp-content\/uploads\/2021\/05\/Design-sem-nome-6.png","datePublished":"2020-09-30T17:47:28+00:00","dateModified":"2026-03-09T17:29:42+00:00","description":"Aqui est\u00e3o todos os clientes que j\u00e1 tivemos o prazer de atender e que tivemos muito sucesso juntos. A CGC agradece a confian\u00e7a!","breadcrumb":{"@id":"https:\/\/cgceducacao.com.br\/index.php\/clientes\/#breadcrumb"},"inLanguage":"pt-BR","potentialAction":[{"@type":"ReadAction","target":["https:\/\/cgceducacao.com.br\/index.php\/clientes\/"]}]},{"@type":"ImageObject","inLanguage":"pt-BR","@id":"https:\/\/cgceducacao.com.br\/index.php\/clientes\/#primaryimage","url":"https:\/\/cgceducacao.com.br\/wp-content\/uploads\/2021\/05\/Design-sem-nome-6.png","contentUrl":"https:\/\/cgceducacao.com.br\/wp-content\/uploads\/2021\/05\/Design-sem-nome-6.png","width":500,"height":500},{"@type":"BreadcrumbList","@id":"https:\/\/cgceducacao.com.br\/index.php\/clientes\/#breadcrumb","itemListElement":[{"@type":"ListItem","position":1,"name":"In\u00edcio","item":"https:\/\/cgceducacao.com.br\/"},{"@type":"ListItem","position":2,"name":"Clientes"}]},{"@type":"WebSite","@id":"https:\/\/cgceducacao.com.br\/#website","url":"https:\/\/cgceducacao.com.br\/","name":"CGC","description":"Comunica\u00e7\u00e3o em Educa\u00e7\u00e3o","publisher":{"@id":"https:\/\/cgceducacao.com.br\/#organization"},"potentialAction":[{"@type":"SearchAction","target":{"@type":"EntryPoint","urlTemplate":"https:\/\/cgceducacao.com.br\/?s={search_term_string}"},"query-input":{"@type":"PropertyValueSpecification","valueRequired":true,"valueName":"search_term_string"}}],"inLanguage":"pt-BR"},{"@type":"Organization","@id":"https:\/\/cgceducacao.com.br\/#organization","name":"CGC EDUCA\u00c7\u00c3O","url":"https:\/\/cgceducacao.com.br\/","logo":{"@type":"ImageObject","inLanguage":"pt-BR","@id":"https:\/\/cgceducacao.com.br\/#\/schema\/logo\/image\/","url":"https:\/\/cgceducacao.com.br\/wp-content\/uploads\/2022\/04\/LOGO-CGC.jpg","contentUrl":"https:\/\/cgceducacao.com.br\/wp-content\/uploads\/2022\/04\/LOGO-CGC.jpg","width":200,"height":200,"caption":"CGC EDUCA\u00c7\u00c3O"},"image":{"@id":"https:\/\/cgceducacao.com.br\/#\/schema\/logo\/image\/"},"sameAs":["https:\/\/www.facebook.com\/cgceducacao\/?locale=pt_BR","https:\/\/x.com\/cgceducacao","https:\/\/www.instagram.com\/cgceducacao\/","https:\/\/www.linkedin.com\/company\/cgc-educacao?originalSubdomain=br","https:\/\/www.youtube.com\/@CGCComunicacaoemEducacao"]}]}},"_links":{"self":[{"href":"https:\/\/cgceducacao.com.br\/index.php\/wp-json\/wp\/v2\/pages\/1619","targetHints":{"allow":["GET"]}}],"collection":[{"href":"https:\/\/cgceducacao.com.br\/index.php\/wp-json\/wp\/v2\/pages"}],"about":[{"href":"https:\/\/cgceducacao.com.br\/index.php\/wp-json\/wp\/v2\/types\/page"}],"author":[{"embeddable":true,"href":"https:\/\/cgceducacao.com.br\/index.php\/wp-json\/wp\/v2\/users\/1"}],"replies":[{"embeddable":true,"href":"https:\/\/cgceducacao.com.br\/index.php\/wp-json\/wp\/v2\/comments?post=1619"}],"version-history":[{"count":160,"href":"https:\/\/cgceducacao.com.br\/index.php\/wp-json\/wp\/v2\/pages\/1619\/revisions"}],"predecessor-version":[{"id":22391,"href":"https:\/\/cgceducacao.com.br\/index.php\/wp-json\/wp\/v2\/pages\/1619\/revisions\/22391"}],"wp:attachment":[{"href":"https:\/\/cgceducacao.com.br\/index.php\/wp-json\/wp\/v2\/media?parent=1619"}],"curies":[{"name":"wp","href":"https:\/\/api.w.org\/{rel}","templated":true}]}}