{"id":1649,"date":"2020-09-30T17:48:19","date_gmt":"2020-09-30T20:48:19","guid":{"rendered":"https:\/\/cgceducacao.com.br\/?page_id=1649"},"modified":"2025-07-29T15:07:17","modified_gmt":"2025-07-29T18:07:17","slug":"servicos","status":"publish","type":"page","link":"https:\/\/cgceducacao.com.br\/index.php\/servicos\/","title":{"rendered":"Servi\u00e7os"},"content":{"rendered":"<h2>\u00a0<\/h2>\n<h2><span style=\"color: #ff9900;\">Assessoria de Imprensa<\/span><\/h2>\n<p><span style=\"color: #000000;\">H\u00e1 20 anos realizamos um trabalho diferenciado e \u00fanico em assessoria de imprensa, pautando a m\u00eddia sobre quest\u00f5es importantes da educa\u00e7\u00e3o. Somos a \u00fanica assessoria de imprensa, no Brasil, totalmente segmentada em educa\u00e7\u00e3o.<\/span><\/p>\n<p><span style=\"color: #000000;\">Pensamos, desenvolvemos e cuidamos da imagem de escolas, faculdades, institutos, profissionais independentes e especialistas de renome no cen\u00e1rio internacional.<\/span><\/p>\n<p><span style=\"color: #000000;\">Analisamos e investigamos o hist\u00f3rico de comunica\u00e7\u00e3o de cada cliente e as ferramentas que adota hoje. Estudamos os diferenciais, os fatos relevantes e as oportunidades.<\/span><\/p>\n<p><span style=\"color: #000000;\">Planejamos estrategicamente todos os esfor\u00e7os para construir uma imagem apropriada nas diversas plataformas.<\/span><\/p>\n<h2><span style=\"color: #ff9900;\">Comunica\u00e7\u00e3o Digital<\/span><\/h2>\n<p><span style=\"color: #000000;\">A medida em que novas tecnologias surgem no ambiente digital \u00e9 necess\u00e1rio que os profissionais da educa\u00e7\u00e3o compreendam de que forma utilizar essas ferramentas para ampliar as frentes de comunica\u00e7\u00e3o, alcan\u00e7ar seus objetivos e fortalecer a comunidade escolar.<\/span><\/p>\n<p><span style=\"color: #000000;\">Acreditamos que a comunica\u00e7\u00e3o \u00e9 um dos principais pilares na constru\u00e7\u00e3o e no fortalecimento da comunidade. Utilizar os meios de comunica\u00e7\u00e3o digitais para potencializar a comunica\u00e7\u00e3o no universo pedag\u00f3gico \u00e9 fundamental nos dias de hoje.<\/span><\/p>\n<p><span style=\"color: #000000;\">Nossa consultoria em Comunica\u00e7\u00e3o Digital nasce para auxiliar e identificar pontos de melhoria nas pr\u00e1ticas de comunica\u00e7\u00e3o digital das Escolas, Institui\u00e7\u00f5es e profissionais da educa\u00e7\u00e3o.<\/span><\/p>\n<p><span style=\"color: #000000;\">Vamos apresentar um caminho de como ter uma comunica\u00e7\u00e3o consistente, fomentar a educa\u00e7\u00e3o e dar voz a comunidade a partir de boas pr\u00e1ticas digitais.<\/span><\/p>\n<h2><span style=\"vertical-align: inherit; color: #ff9900;\"><span style=\"vertical-align: inherit;\"><span style=\"vertical-align: inherit;\"><span style=\"vertical-align: inherit;\">Portal de Not\u00edcias<\/span><\/span><\/span><\/span><\/h2>\n<p><span style=\"color: #000000;\">Um portal com as principais not\u00edcias da educa\u00e7\u00e3o no Brasil e no mundo.\u00a0 O portal est\u00e1 aberto aos clientes, formadores de opini\u00e3o e jornalistas que buscam informa\u00e7\u00e3o de qualidade.<\/span><\/p>\n\n\n<p><\/p>\n","protected":false},"excerpt":{"rendered":"<p>\u00a0 Assessoria de Imprensa H\u00e1 20 anos realizamos um trabalho diferenciado e \u00fanico em assessoria de imprensa, pautando a m\u00eddia sobre quest\u00f5es importantes da educa\u00e7\u00e3o. Somos a \u00fanica assessoria de&hellip; <\/p>\n","protected":false},"author":1,"featured_media":0,"parent":0,"menu_order":0,"comment_status":"closed","ping_status":"closed","template":"","meta":{"footnotes":""},"class_list":["post-1649","page","type-page","status-publish","hentry"],"yoast_head":"<!-- This site is optimized with the Yoast SEO plugin v27.3 - https:\/\/yoast.com\/product\/yoast-seo-wordpress\/ -->\n<title>Servi\u00e7os - CGC<\/title>\n<meta name=\"description\" content=\"Esse s\u00e3o alguns dos servi\u00e7os realizados pela CGC Educa\u00e7\u00e3o, caso esteja interessado, entre em contato (11) 976542027\" \/>\n<meta name=\"robots\" content=\"index, follow, max-snippet:-1, max-image-preview:large, max-video-preview:-1\" \/>\n<link rel=\"canonical\" href=\"https:\/\/cgceducacao.com.br\/index.php\/servicos\/\" \/>\n<meta property=\"og:locale\" content=\"pt_BR\" \/>\n<meta property=\"og:type\" content=\"article\" \/>\n<meta property=\"og:title\" content=\"Servi\u00e7os - CGC\" \/>\n<meta property=\"og:description\" content=\"Esse s\u00e3o alguns dos servi\u00e7os realizados pela CGC Educa\u00e7\u00e3o, caso esteja interessado, entre em contato (11) 976542027\" \/>\n<meta property=\"og:url\" content=\"https:\/\/cgceducacao.com.br\/index.php\/servicos\/\" \/>\n<meta property=\"og:site_name\" content=\"CGC\" \/>\n<meta property=\"article:publisher\" content=\"https:\/\/www.facebook.com\/cgceducacao\/?locale=pt_BR\" \/>\n<meta property=\"article:modified_time\" content=\"2025-07-29T18:07:17+00:00\" \/>\n<meta property=\"og:image\" content=\"https:\/\/cgceducacao.com.br\/wp-content\/uploads\/2023\/05\/free-Delivery-12.png\" \/>\n\t<meta property=\"og:image:width\" content=\"3375\" \/>\n\t<meta property=\"og:image:height\" content=\"3375\" \/>\n\t<meta property=\"og:image:type\" content=\"image\/png\" \/>\n<meta name=\"twitter:card\" content=\"summary_large_image\" \/>\n<meta name=\"twitter:site\" content=\"@cgceducacao\" \/>\n<meta name=\"twitter:label1\" content=\"Est. tempo de leitura\" \/>\n\t<meta name=\"twitter:data1\" content=\"2 minutos\" \/>\n<script type=\"application\/ld+json\" class=\"yoast-schema-graph\">{\"@context\":\"https:\\\/\\\/schema.org\",\"@graph\":[{\"@type\":\"WebPage\",\"@id\":\"https:\\\/\\\/cgceducacao.com.br\\\/index.php\\\/servicos\\\/\",\"url\":\"https:\\\/\\\/cgceducacao.com.br\\\/index.php\\\/servicos\\\/\",\"name\":\"Servi\u00e7os - CGC\",\"isPartOf\":{\"@id\":\"https:\\\/\\\/cgceducacao.com.br\\\/#website\"},\"datePublished\":\"2020-09-30T20:48:19+00:00\",\"dateModified\":\"2025-07-29T18:07:17+00:00\",\"description\":\"Esse s\u00e3o alguns dos servi\u00e7os realizados pela CGC Educa\u00e7\u00e3o, caso esteja interessado, entre em contato (11) 976542027\",\"breadcrumb\":{\"@id\":\"https:\\\/\\\/cgceducacao.com.br\\\/index.php\\\/servicos\\\/#breadcrumb\"},\"inLanguage\":\"pt-BR\",\"potentialAction\":[{\"@type\":\"ReadAction\",\"target\":[\"https:\\\/\\\/cgceducacao.com.br\\\/index.php\\\/servicos\\\/\"]}]},{\"@type\":\"BreadcrumbList\",\"@id\":\"https:\\\/\\\/cgceducacao.com.br\\\/index.php\\\/servicos\\\/#breadcrumb\",\"itemListElement\":[{\"@type\":\"ListItem\",\"position\":1,\"name\":\"In\u00edcio\",\"item\":\"https:\\\/\\\/cgceducacao.com.br\\\/\"},{\"@type\":\"ListItem\",\"position\":2,\"name\":\"Servi\u00e7os\"}]},{\"@type\":\"WebSite\",\"@id\":\"https:\\\/\\\/cgceducacao.com.br\\\/#website\",\"url\":\"https:\\\/\\\/cgceducacao.com.br\\\/\",\"name\":\"CGC\",\"description\":\"Comunica\u00e7\u00e3o em Educa\u00e7\u00e3o\",\"publisher\":{\"@id\":\"https:\\\/\\\/cgceducacao.com.br\\\/#organization\"},\"potentialAction\":[{\"@type\":\"SearchAction\",\"target\":{\"@type\":\"EntryPoint\",\"urlTemplate\":\"https:\\\/\\\/cgceducacao.com.br\\\/?s={search_term_string}\"},\"query-input\":{\"@type\":\"PropertyValueSpecification\",\"valueRequired\":true,\"valueName\":\"search_term_string\"}}],\"inLanguage\":\"pt-BR\"},{\"@type\":\"Organization\",\"@id\":\"https:\\\/\\\/cgceducacao.com.br\\\/#organization\",\"name\":\"CGC EDUCA\u00c7\u00c3O\",\"url\":\"https:\\\/\\\/cgceducacao.com.br\\\/\",\"logo\":{\"@type\":\"ImageObject\",\"inLanguage\":\"pt-BR\",\"@id\":\"https:\\\/\\\/cgceducacao.com.br\\\/#\\\/schema\\\/logo\\\/image\\\/\",\"url\":\"https:\\\/\\\/cgceducacao.com.br\\\/wp-content\\\/uploads\\\/2022\\\/04\\\/LOGO-CGC.jpg\",\"contentUrl\":\"https:\\\/\\\/cgceducacao.com.br\\\/wp-content\\\/uploads\\\/2022\\\/04\\\/LOGO-CGC.jpg\",\"width\":200,\"height\":200,\"caption\":\"CGC EDUCA\u00c7\u00c3O\"},\"image\":{\"@id\":\"https:\\\/\\\/cgceducacao.com.br\\\/#\\\/schema\\\/logo\\\/image\\\/\"},\"sameAs\":[\"https:\\\/\\\/www.facebook.com\\\/cgceducacao\\\/?locale=pt_BR\",\"https:\\\/\\\/x.com\\\/cgceducacao\",\"https:\\\/\\\/www.instagram.com\\\/cgceducacao\\\/\",\"https:\\\/\\\/www.linkedin.com\\\/company\\\/cgc-educacao?originalSubdomain=br\",\"https:\\\/\\\/www.youtube.com\\\/@CGCComunicacaoemEducacao\"]}]}<\/script>\n<!-- \/ Yoast SEO plugin. -->","yoast_head_json":{"title":"Servi\u00e7os - CGC","description":"Esse s\u00e3o alguns dos servi\u00e7os realizados pela CGC Educa\u00e7\u00e3o, caso esteja interessado, entre em contato (11) 976542027","robots":{"index":"index","follow":"follow","max-snippet":"max-snippet:-1","max-image-preview":"max-image-preview:large","max-video-preview":"max-video-preview:-1"},"canonical":"https:\/\/cgceducacao.com.br\/index.php\/servicos\/","og_locale":"pt_BR","og_type":"article","og_title":"Servi\u00e7os - CGC","og_description":"Esse s\u00e3o alguns dos servi\u00e7os realizados pela CGC Educa\u00e7\u00e3o, caso esteja interessado, entre em contato (11) 976542027","og_url":"https:\/\/cgceducacao.com.br\/index.php\/servicos\/","og_site_name":"CGC","article_publisher":"https:\/\/www.facebook.com\/cgceducacao\/?locale=pt_BR","article_modified_time":"2025-07-29T18:07:17+00:00","og_image":[{"width":3375,"height":3375,"url":"https:\/\/cgceducacao.com.br\/wp-content\/uploads\/2023\/05\/free-Delivery-12.png","type":"image\/png"}],"twitter_card":"summary_large_image","twitter_site":"@cgceducacao","twitter_misc":{"Est. tempo de leitura":"2 minutos"},"schema":{"@context":"https:\/\/schema.org","@graph":[{"@type":"WebPage","@id":"https:\/\/cgceducacao.com.br\/index.php\/servicos\/","url":"https:\/\/cgceducacao.com.br\/index.php\/servicos\/","name":"Servi\u00e7os - CGC","isPartOf":{"@id":"https:\/\/cgceducacao.com.br\/#website"},"datePublished":"2020-09-30T20:48:19+00:00","dateModified":"2025-07-29T18:07:17+00:00","description":"Esse s\u00e3o alguns dos servi\u00e7os realizados pela CGC Educa\u00e7\u00e3o, caso esteja interessado, entre em contato (11) 976542027","breadcrumb":{"@id":"https:\/\/cgceducacao.com.br\/index.php\/servicos\/#breadcrumb"},"inLanguage":"pt-BR","potentialAction":[{"@type":"ReadAction","target":["https:\/\/cgceducacao.com.br\/index.php\/servicos\/"]}]},{"@type":"BreadcrumbList","@id":"https:\/\/cgceducacao.com.br\/index.php\/servicos\/#breadcrumb","itemListElement":[{"@type":"ListItem","position":1,"name":"In\u00edcio","item":"https:\/\/cgceducacao.com.br\/"},{"@type":"ListItem","position":2,"name":"Servi\u00e7os"}]},{"@type":"WebSite","@id":"https:\/\/cgceducacao.com.br\/#website","url":"https:\/\/cgceducacao.com.br\/","name":"CGC","description":"Comunica\u00e7\u00e3o em Educa\u00e7\u00e3o","publisher":{"@id":"https:\/\/cgceducacao.com.br\/#organization"},"potentialAction":[{"@type":"SearchAction","target":{"@type":"EntryPoint","urlTemplate":"https:\/\/cgceducacao.com.br\/?s={search_term_string}"},"query-input":{"@type":"PropertyValueSpecification","valueRequired":true,"valueName":"search_term_string"}}],"inLanguage":"pt-BR"},{"@type":"Organization","@id":"https:\/\/cgceducacao.com.br\/#organization","name":"CGC EDUCA\u00c7\u00c3O","url":"https:\/\/cgceducacao.com.br\/","logo":{"@type":"ImageObject","inLanguage":"pt-BR","@id":"https:\/\/cgceducacao.com.br\/#\/schema\/logo\/image\/","url":"https:\/\/cgceducacao.com.br\/wp-content\/uploads\/2022\/04\/LOGO-CGC.jpg","contentUrl":"https:\/\/cgceducacao.com.br\/wp-content\/uploads\/2022\/04\/LOGO-CGC.jpg","width":200,"height":200,"caption":"CGC EDUCA\u00c7\u00c3O"},"image":{"@id":"https:\/\/cgceducacao.com.br\/#\/schema\/logo\/image\/"},"sameAs":["https:\/\/www.facebook.com\/cgceducacao\/?locale=pt_BR","https:\/\/x.com\/cgceducacao","https:\/\/www.instagram.com\/cgceducacao\/","https:\/\/www.linkedin.com\/company\/cgc-educacao?originalSubdomain=br","https:\/\/www.youtube.com\/@CGCComunicacaoemEducacao"]}]}},"_links":{"self":[{"href":"https:\/\/cgceducacao.com.br\/index.php\/wp-json\/wp\/v2\/pages\/1649","targetHints":{"allow":["GET"]}}],"collection":[{"href":"https:\/\/cgceducacao.com.br\/index.php\/wp-json\/wp\/v2\/pages"}],"about":[{"href":"https:\/\/cgceducacao.com.br\/index.php\/wp-json\/wp\/v2\/types\/page"}],"author":[{"embeddable":true,"href":"https:\/\/cgceducacao.com.br\/index.php\/wp-json\/wp\/v2\/users\/1"}],"replies":[{"embeddable":true,"href":"https:\/\/cgceducacao.com.br\/index.php\/wp-json\/wp\/v2\/comments?post=1649"}],"version-history":[{"count":34,"href":"https:\/\/cgceducacao.com.br\/index.php\/wp-json\/wp\/v2\/pages\/1649\/revisions"}],"predecessor-version":[{"id":21665,"href":"https:\/\/cgceducacao.com.br\/index.php\/wp-json\/wp\/v2\/pages\/1649\/revisions\/21665"}],"wp:attachment":[{"href":"https:\/\/cgceducacao.com.br\/index.php\/wp-json\/wp\/v2\/media?parent=1649"}],"curies":[{"name":"wp","href":"https:\/\/api.w.org\/{rel}","templated":true}]}}