{"id":1659,"date":"2020-09-30T20:57:24","date_gmt":"2020-09-30T23:57:24","guid":{"rendered":"https:\/\/cgceducacao.com.br\/?page_id=1659"},"modified":"2025-07-29T15:10:52","modified_gmt":"2025-07-29T18:10:52","slug":"sobre","status":"publish","type":"page","link":"https:\/\/cgceducacao.com.br\/index.php\/sobre\/","title":{"rendered":"Sobre"},"content":{"rendered":"<p style=\"text-align: left;\"><span style=\"color: #000000;\"><strong><em>\u201cA<\/em><em>\u00a0Hist\u00f3ria da humanidade \u00e9 cada vez mais a disputa de uma corrida entre a educa\u00e7\u00e3o e a cat\u00e1strofe\u201d<\/em> \u2013 H. G. Wells<\/strong><\/span><\/p>\n<p style=\"text-align: left;\"><span style=\"color: #000000;\"><strong>A educa\u00e7\u00e3o e a comunica\u00e7\u00e3o s\u00e3o direitos universais.<\/strong><\/span><\/p>\n<p style=\"text-align: left;\"><span style=\"color: #000000;\">Uma educa\u00e7\u00e3o de qualidade transforma o ser humano em cidad\u00e3o pleno, com deveres e direitos. E uma comunica\u00e7\u00e3o eficiente sobre educa\u00e7\u00e3o, constr\u00f3i pontes, cria conex\u00f5es, estabelece conversas. Tece a rede.<\/span><\/p>\n<p style=\"text-align: left;\"><span style=\"color: #000000;\">A partir desta reflex\u00e3o e praticando essa premissa, a CGC desde 1998 oferece assessoria de imprensa especializada em educa\u00e7\u00e3o. Nossa proposta \u00e9 trabalhar com conte\u00fado de qualidade e contribuir com o desenvolvimento da educa\u00e7\u00e3o no Brasil.<\/span><\/p>\n<p style=\"text-align: left;\"><span style=\"color: #000000;\">A CGC \u00e9 a primeira e \u00fanica assessoria especializada em educa\u00e7\u00e3o no pa\u00eds. Hoje, somos fonte de conte\u00fado para as editorias de educa\u00e7\u00e3o da grande imprensa e m\u00eddia segmentada.<\/span><\/p>\n<p style=\"text-align: left;\"><span style=\"color: #000000;\">E n\u00f3s acreditamos que \u00e9 preciso, cada dia mais, aprender a compartilhar nossas ideias e ideais. Porque como disse bem Herbert McLuhan: \u201cO planeta tornou-se a nossa sala de aula\u201d.<\/span><\/p>\n<p><iframe loading=\"lazy\" title=\"CGC Comunica\u00e7\u00e3o em Educa\u00e7\u00e3o\" width=\"1110\" height=\"624\" src=\"https:\/\/www.youtube.com\/embed\/YfQoP-303DE?feature=oembed\" frameborder=\"0\" allow=\"accelerometer; autoplay; clipboard-write; encrypted-media; gyroscope; picture-in-picture\" allowfullscreen><\/iframe><\/p>\n","protected":false},"excerpt":{"rendered":"<p>\u201cA\u00a0Hist\u00f3ria da humanidade \u00e9 cada vez mais a disputa de uma corrida entre a educa\u00e7\u00e3o e a cat\u00e1strofe\u201d \u2013 H. G. Wells A educa\u00e7\u00e3o e a comunica\u00e7\u00e3o s\u00e3o direitos universais.&hellip; <\/p>\n","protected":false},"author":1,"featured_media":0,"parent":0,"menu_order":0,"comment_status":"closed","ping_status":"closed","template":"","meta":{"footnotes":""},"class_list":["post-1659","page","type-page","status-publish","hentry"],"yoast_head":"<!-- This site is optimized with the Yoast SEO plugin v27.3 - https:\/\/yoast.com\/product\/yoast-seo-wordpress\/ -->\n<title>Sobre - CGC<\/title>\n<meta name=\"robots\" content=\"index, follow, max-snippet:-1, max-image-preview:large, max-video-preview:-1\" \/>\n<link rel=\"canonical\" href=\"https:\/\/cgceducacao.com.br\/index.php\/sobre\/\" \/>\n<meta property=\"og:locale\" content=\"pt_BR\" \/>\n<meta property=\"og:type\" content=\"article\" \/>\n<meta property=\"og:title\" content=\"Sobre - CGC\" \/>\n<meta property=\"og:description\" content=\"\u201cA\u00a0Hist\u00f3ria da humanidade \u00e9 cada vez mais a disputa de uma corrida entre a educa\u00e7\u00e3o e a cat\u00e1strofe\u201d \u2013 H. G. Wells A educa\u00e7\u00e3o e a comunica\u00e7\u00e3o s\u00e3o direitos universais.&hellip;\" \/>\n<meta property=\"og:url\" content=\"https:\/\/cgceducacao.com.br\/index.php\/sobre\/\" \/>\n<meta property=\"og:site_name\" content=\"CGC\" \/>\n<meta property=\"article:publisher\" content=\"https:\/\/www.facebook.com\/cgceducacao\/?locale=pt_BR\" \/>\n<meta property=\"article:modified_time\" content=\"2025-07-29T18:10:52+00:00\" \/>\n<meta property=\"og:image\" content=\"https:\/\/cgceducacao.com.br\/wp-content\/uploads\/2023\/05\/free-Delivery-12.png\" \/>\n\t<meta property=\"og:image:width\" content=\"3375\" \/>\n\t<meta property=\"og:image:height\" content=\"3375\" \/>\n\t<meta property=\"og:image:type\" content=\"image\/png\" \/>\n<meta name=\"twitter:card\" content=\"summary_large_image\" \/>\n<meta name=\"twitter:site\" content=\"@cgceducacao\" \/>\n<meta name=\"twitter:label1\" content=\"Est. tempo de leitura\" \/>\n\t<meta name=\"twitter:data1\" content=\"1 minuto\" \/>\n<script type=\"application\/ld+json\" class=\"yoast-schema-graph\">{\"@context\":\"https:\\\/\\\/schema.org\",\"@graph\":[{\"@type\":\"WebPage\",\"@id\":\"https:\\\/\\\/cgceducacao.com.br\\\/index.php\\\/sobre\\\/\",\"url\":\"https:\\\/\\\/cgceducacao.com.br\\\/index.php\\\/sobre\\\/\",\"name\":\"Sobre - CGC\",\"isPartOf\":{\"@id\":\"https:\\\/\\\/cgceducacao.com.br\\\/#website\"},\"datePublished\":\"2020-09-30T23:57:24+00:00\",\"dateModified\":\"2025-07-29T18:10:52+00:00\",\"breadcrumb\":{\"@id\":\"https:\\\/\\\/cgceducacao.com.br\\\/index.php\\\/sobre\\\/#breadcrumb\"},\"inLanguage\":\"pt-BR\",\"potentialAction\":[{\"@type\":\"ReadAction\",\"target\":[\"https:\\\/\\\/cgceducacao.com.br\\\/index.php\\\/sobre\\\/\"]}]},{\"@type\":\"BreadcrumbList\",\"@id\":\"https:\\\/\\\/cgceducacao.com.br\\\/index.php\\\/sobre\\\/#breadcrumb\",\"itemListElement\":[{\"@type\":\"ListItem\",\"position\":1,\"name\":\"In\u00edcio\",\"item\":\"https:\\\/\\\/cgceducacao.com.br\\\/\"},{\"@type\":\"ListItem\",\"position\":2,\"name\":\"Sobre\"}]},{\"@type\":\"WebSite\",\"@id\":\"https:\\\/\\\/cgceducacao.com.br\\\/#website\",\"url\":\"https:\\\/\\\/cgceducacao.com.br\\\/\",\"name\":\"CGC\",\"description\":\"Comunica\u00e7\u00e3o em Educa\u00e7\u00e3o\",\"publisher\":{\"@id\":\"https:\\\/\\\/cgceducacao.com.br\\\/#organization\"},\"potentialAction\":[{\"@type\":\"SearchAction\",\"target\":{\"@type\":\"EntryPoint\",\"urlTemplate\":\"https:\\\/\\\/cgceducacao.com.br\\\/?s={search_term_string}\"},\"query-input\":{\"@type\":\"PropertyValueSpecification\",\"valueRequired\":true,\"valueName\":\"search_term_string\"}}],\"inLanguage\":\"pt-BR\"},{\"@type\":\"Organization\",\"@id\":\"https:\\\/\\\/cgceducacao.com.br\\\/#organization\",\"name\":\"CGC EDUCA\u00c7\u00c3O\",\"url\":\"https:\\\/\\\/cgceducacao.com.br\\\/\",\"logo\":{\"@type\":\"ImageObject\",\"inLanguage\":\"pt-BR\",\"@id\":\"https:\\\/\\\/cgceducacao.com.br\\\/#\\\/schema\\\/logo\\\/image\\\/\",\"url\":\"https:\\\/\\\/cgceducacao.com.br\\\/wp-content\\\/uploads\\\/2022\\\/04\\\/LOGO-CGC.jpg\",\"contentUrl\":\"https:\\\/\\\/cgceducacao.com.br\\\/wp-content\\\/uploads\\\/2022\\\/04\\\/LOGO-CGC.jpg\",\"width\":200,\"height\":200,\"caption\":\"CGC EDUCA\u00c7\u00c3O\"},\"image\":{\"@id\":\"https:\\\/\\\/cgceducacao.com.br\\\/#\\\/schema\\\/logo\\\/image\\\/\"},\"sameAs\":[\"https:\\\/\\\/www.facebook.com\\\/cgceducacao\\\/?locale=pt_BR\",\"https:\\\/\\\/x.com\\\/cgceducacao\",\"https:\\\/\\\/www.instagram.com\\\/cgceducacao\\\/\",\"https:\\\/\\\/www.linkedin.com\\\/company\\\/cgc-educacao?originalSubdomain=br\",\"https:\\\/\\\/www.youtube.com\\\/@CGCComunicacaoemEducacao\"]}]}<\/script>\n<!-- \/ Yoast SEO plugin. -->","yoast_head_json":{"title":"Sobre - CGC","robots":{"index":"index","follow":"follow","max-snippet":"max-snippet:-1","max-image-preview":"max-image-preview:large","max-video-preview":"max-video-preview:-1"},"canonical":"https:\/\/cgceducacao.com.br\/index.php\/sobre\/","og_locale":"pt_BR","og_type":"article","og_title":"Sobre - CGC","og_description":"\u201cA\u00a0Hist\u00f3ria da humanidade \u00e9 cada vez mais a disputa de uma corrida entre a educa\u00e7\u00e3o e a cat\u00e1strofe\u201d \u2013 H. G. Wells A educa\u00e7\u00e3o e a comunica\u00e7\u00e3o s\u00e3o direitos universais.&hellip;","og_url":"https:\/\/cgceducacao.com.br\/index.php\/sobre\/","og_site_name":"CGC","article_publisher":"https:\/\/www.facebook.com\/cgceducacao\/?locale=pt_BR","article_modified_time":"2025-07-29T18:10:52+00:00","og_image":[{"width":3375,"height":3375,"url":"https:\/\/cgceducacao.com.br\/wp-content\/uploads\/2023\/05\/free-Delivery-12.png","type":"image\/png"}],"twitter_card":"summary_large_image","twitter_site":"@cgceducacao","twitter_misc":{"Est. tempo de leitura":"1 minuto"},"schema":{"@context":"https:\/\/schema.org","@graph":[{"@type":"WebPage","@id":"https:\/\/cgceducacao.com.br\/index.php\/sobre\/","url":"https:\/\/cgceducacao.com.br\/index.php\/sobre\/","name":"Sobre - CGC","isPartOf":{"@id":"https:\/\/cgceducacao.com.br\/#website"},"datePublished":"2020-09-30T23:57:24+00:00","dateModified":"2025-07-29T18:10:52+00:00","breadcrumb":{"@id":"https:\/\/cgceducacao.com.br\/index.php\/sobre\/#breadcrumb"},"inLanguage":"pt-BR","potentialAction":[{"@type":"ReadAction","target":["https:\/\/cgceducacao.com.br\/index.php\/sobre\/"]}]},{"@type":"BreadcrumbList","@id":"https:\/\/cgceducacao.com.br\/index.php\/sobre\/#breadcrumb","itemListElement":[{"@type":"ListItem","position":1,"name":"In\u00edcio","item":"https:\/\/cgceducacao.com.br\/"},{"@type":"ListItem","position":2,"name":"Sobre"}]},{"@type":"WebSite","@id":"https:\/\/cgceducacao.com.br\/#website","url":"https:\/\/cgceducacao.com.br\/","name":"CGC","description":"Comunica\u00e7\u00e3o em Educa\u00e7\u00e3o","publisher":{"@id":"https:\/\/cgceducacao.com.br\/#organization"},"potentialAction":[{"@type":"SearchAction","target":{"@type":"EntryPoint","urlTemplate":"https:\/\/cgceducacao.com.br\/?s={search_term_string}"},"query-input":{"@type":"PropertyValueSpecification","valueRequired":true,"valueName":"search_term_string"}}],"inLanguage":"pt-BR"},{"@type":"Organization","@id":"https:\/\/cgceducacao.com.br\/#organization","name":"CGC EDUCA\u00c7\u00c3O","url":"https:\/\/cgceducacao.com.br\/","logo":{"@type":"ImageObject","inLanguage":"pt-BR","@id":"https:\/\/cgceducacao.com.br\/#\/schema\/logo\/image\/","url":"https:\/\/cgceducacao.com.br\/wp-content\/uploads\/2022\/04\/LOGO-CGC.jpg","contentUrl":"https:\/\/cgceducacao.com.br\/wp-content\/uploads\/2022\/04\/LOGO-CGC.jpg","width":200,"height":200,"caption":"CGC EDUCA\u00c7\u00c3O"},"image":{"@id":"https:\/\/cgceducacao.com.br\/#\/schema\/logo\/image\/"},"sameAs":["https:\/\/www.facebook.com\/cgceducacao\/?locale=pt_BR","https:\/\/x.com\/cgceducacao","https:\/\/www.instagram.com\/cgceducacao\/","https:\/\/www.linkedin.com\/company\/cgc-educacao?originalSubdomain=br","https:\/\/www.youtube.com\/@CGCComunicacaoemEducacao"]}]}},"_links":{"self":[{"href":"https:\/\/cgceducacao.com.br\/index.php\/wp-json\/wp\/v2\/pages\/1659","targetHints":{"allow":["GET"]}}],"collection":[{"href":"https:\/\/cgceducacao.com.br\/index.php\/wp-json\/wp\/v2\/pages"}],"about":[{"href":"https:\/\/cgceducacao.com.br\/index.php\/wp-json\/wp\/v2\/types\/page"}],"author":[{"embeddable":true,"href":"https:\/\/cgceducacao.com.br\/index.php\/wp-json\/wp\/v2\/users\/1"}],"replies":[{"embeddable":true,"href":"https:\/\/cgceducacao.com.br\/index.php\/wp-json\/wp\/v2\/comments?post=1659"}],"version-history":[{"count":20,"href":"https:\/\/cgceducacao.com.br\/index.php\/wp-json\/wp\/v2\/pages\/1659\/revisions"}],"predecessor-version":[{"id":21668,"href":"https:\/\/cgceducacao.com.br\/index.php\/wp-json\/wp\/v2\/pages\/1659\/revisions\/21668"}],"wp:attachment":[{"href":"https:\/\/cgceducacao.com.br\/index.php\/wp-json\/wp\/v2\/media?parent=1659"}],"curies":[{"name":"wp","href":"https:\/\/api.w.org\/{rel}","templated":true}]}}