{"id":322,"date":"2020-05-14T22:07:16","date_gmt":"2020-05-15T01:07:16","guid":{"rendered":"https:\/\/cgceducacao.com.br\/?page_id=322"},"modified":"2025-07-29T15:06:08","modified_gmt":"2025-07-29T18:06:08","slug":"quem-somos","status":"publish","type":"page","link":"https:\/\/cgceducacao.com.br\/index.php\/quem-somos\/","title":{"rendered":"QUEM SOMOS"},"content":{"rendered":"<h2><\/h2>\n<p><img loading=\"lazy\" decoding=\"async\" src=\"https:\/\/cgceducacao.com.br\/wp-content\/uploads\/2020\/08\/ceci-perfil.png\" sizes=\"auto, (max-width: 150px) 100vw, 150px\" srcset=\"https:\/\/cgceducacao.com.br\/wp-content\/uploads\/2020\/08\/ceci-perfil.png 150w, https:\/\/cgceducacao.com.br\/wp-content\/uploads\/2020\/08\/ceci-perfil-80x80.png 80w\" alt=\"Cec\u00edlia Galv\u00e3o\" width=\"150\" height=\"150\" \/><br \/>\n<span style=\"color: #000000;\"><strong>Cec\u00edlia Galv\u00e3o<\/strong><\/span><br \/>\n<a href=\"https:\/\/web.archive.org\/web\/20190110051418\/mailto:cecilia@cgceducacao.com.br\" target=\"_blank\" rel=\"nofollow noopener\">cecilia@cgceducacao.com.br<\/a><\/p>\n<p><span style=\"color: #000000;\">Atuo como jornalista desde o in\u00edcio da d\u00e9cada de 80. Fiz Unesp \/ Bauru e comecei minha carreira nessa cidade, onde fui assessora de imprensa da Casa da Cultura e agitadora cultural de shows e eventos. Trabalhei como rep\u00f3rter de jornais di\u00e1rios do interior de S\u00e3o Paulo, colunista e fot\u00f3grafa. Em S\u00e3o Paulo, uma assessoria de imprensa se tornou meu foco. Cinema, agroneg\u00f3cio, culin\u00e1ria e enfim, educa\u00e7\u00e3o. Gostei, apostei e resolvi investir. Nasceu a CGC. Uma empresa que desde o in\u00edcio mantido firme suas convic\u00e7\u00f5es em trabalhar com a \u00e1rea da educa\u00e7\u00e3o, onde os fatos s\u00e3o transparentes, as not\u00edcias fartas e, os novos pautados pela \u00e9tica.<\/span><\/p>\n<p><img loading=\"lazy\" decoding=\"async\" src=\"https:\/\/cgceducacao.com.br\/wp-content\/uploads\/2020\/08\/fabio-perfil.png\" sizes=\"auto, (max-width: 150px) 100vw, 150px\" srcset=\"https:\/\/cgceducacao.com.br\/wp-content\/uploads\/2020\/08\/fabio-perfil.png 150w, https:\/\/cgceducacao.com.br\/wp-content\/uploads\/2020\/08\/fabio-perfil-80x80.png 80w\" alt=\"F\u00e1bio Galv\u00e3o de Fran\u00e7a Amaral\" width=\"150\" height=\"150\" \/><br \/>\n<span style=\"color: #000000;\"><strong>F\u00e1bio Galv\u00e3o de Fran\u00e7a Amaral<\/strong><\/span><br \/>\n<a href=\"https:\/\/web.archive.org\/web\/20190110051418\/mailto:fabio@cgceducacao.com.br\" target=\"_blank\" rel=\"nofollow noopener\">fabio@cgceducacao.com.br<\/a><\/p>\n<p><span style=\"vertical-align: inherit; color: #000000;\"><span style=\"vertical-align: inherit;\">Ex-editor do Portal do Estad\u00e3o e um dos pioneiros do jornalismo na internet. <\/span><span style=\"vertical-align: inherit;\">Sou formado em jornalismo pela FIAM e iniciei minha carreira na Pontif\u00edcia Universidade Cat\u00f3lica de S\u00e3o Paulo, a PUC, em 1985. No Centro de Atividades e Estudos Sociais, o Ceats, era rep\u00f3rter e redator de dois jornais: um feito para os movimentos populares e outro para os estudantes da PUC. <\/span><span style=\"vertical-align: inherit;\">Em 87, na Associa\u00e7\u00e3o Paulista do Minist\u00e9rio P\u00fablico de S\u00e3o Paulo, fui editor respons\u00e1vel pelo jornal desta entidade de classe dos promotores e procuradores de justi\u00e7a. <\/span><span style=\"vertical-align: inherit;\">Em 1989, ingressei na Ag\u00eancia Estado, a ag\u00eancia de not\u00edcias do Grupo Estado. <\/span><span style=\"vertical-align: inherit;\">Fui rep\u00f3rter, redator, chefe de reportagem, pauteiro e editor. Em 95, integrei uma das primeiras equipes da internet no Grupo Estado, onde atuei como editor da primeira p\u00e1gina do portal estadao.com.br. <\/span><span style=\"vertical-align: inherit;\">Em 2006,\u00a0assumi a dire\u00e7\u00e3o da CGC com a certeza de que a educa\u00e7\u00e3o \u00e9 a chave para um Brasil mais justo e desenvolvido.<\/span><\/span><\/p>\n<p><span style=\"color: #000000;\"><strong>Na CGC o cliente fala diretamente com os gestores da empresa, o que garante um atendimento mais \u00e1gil e seguro. O processo \u00e9 horizontal, democr\u00e1tico, r\u00e1pido, sem burocracias.<\/strong><\/span><\/p>\n<p><span style=\"color: #000000;\">\u00a0<strong>Estamos \u00e0 sua disposi\u00e7\u00e3o, ser\u00e1 um prazer atender voc\u00ea.<\/strong><\/span><\/p>\n<form id=\"content-form-ba906ae\" action=\"https:\/\/cgceducacao.com.br\/wp-admin\/admin-post.php\" method=\"post\" name=\"content-form-ba906ae\"><input id=\"_wpnonce_newsletter\" name=\"_wpnonce_newsletter\" type=\"hidden\" value=\"92910e35f7\" \/><input name=\"_wp_http_referer\" type=\"hidden\" value=\"\/wp-admin\/admin-ajax.php\" \/><input name=\"action\" type=\"hidden\" value=\"content_form_submit\" \/><input name=\"form-type\" type=\"hidden\" value=\"newsletter\" \/><input name=\"form-builder\" type=\"hidden\" value=\"elementor\" \/><input name=\"post-id\" type=\"hidden\" value=\"322\" \/><input name=\"form-id\" type=\"hidden\" value=\"ba906ae\" \/><\/p>\n<fieldset><label for=\"data[ba906ae][NOME]\">Nome *<\/label><input id=\"data[ba906ae][NOME]\" name=\"data[ba906ae][NOME]\" required=\"required\" type=\"text\" placeholder=\"Nome\" \/><\/fieldset>\n<fieldset><label for=\"data[ba906ae][EMAIL]\">Email *<\/label><input id=\"data[ba906ae][EMAIL]\" name=\"data[ba906ae][EMAIL]\" required=\"required\" type=\"text\" placeholder=\"Email\" \/><\/fieldset>\n<fieldset><button name=\"submit\" type=\"submit\" value=\"submit-newsletter-ba906ae\">Inscreva-se em nossa Newsletter<\/button><\/fieldset>\n<\/form>\n","protected":false},"excerpt":{"rendered":"<p>Cec\u00edlia Galv\u00e3o cecilia@cgceducacao.com.br Atuo como jornalista desde o in\u00edcio da d\u00e9cada de 80. Fiz Unesp \/ Bauru e comecei minha carreira nessa cidade, onde fui assessora de imprensa da Casa&hellip; <\/p>\n","protected":false},"author":1,"featured_media":0,"parent":0,"menu_order":0,"comment_status":"closed","ping_status":"closed","template":"","meta":{"footnotes":""},"class_list":["post-322","page","type-page","status-publish","hentry"],"yoast_head":"<!-- This site is optimized with the Yoast SEO plugin v27.3 - https:\/\/yoast.com\/product\/yoast-seo-wordpress\/ -->\n<title>QUEM SOMOS - CGC<\/title>\n<meta name=\"description\" content=\"A CGC \u00e9 uma assessoria de imprensa especializada em educa\u00e7\u00e3o, onde com excel\u00eancia, possui mais de 20 anos de atua\u00e7\u00e3o.\" \/>\n<meta name=\"robots\" content=\"index, follow, max-snippet:-1, max-image-preview:large, max-video-preview:-1\" \/>\n<link rel=\"canonical\" href=\"https:\/\/cgceducacao.com.br\/index.php\/quem-somos\/\" \/>\n<meta property=\"og:locale\" content=\"pt_BR\" \/>\n<meta property=\"og:type\" content=\"article\" \/>\n<meta property=\"og:title\" content=\"QUEM SOMOS - CGC\" \/>\n<meta property=\"og:description\" content=\"A CGC \u00e9 uma assessoria de imprensa especializada em educa\u00e7\u00e3o, onde com excel\u00eancia, possui mais de 20 anos de atua\u00e7\u00e3o.\" \/>\n<meta property=\"og:url\" content=\"https:\/\/cgceducacao.com.br\/index.php\/quem-somos\/\" \/>\n<meta property=\"og:site_name\" content=\"CGC\" \/>\n<meta property=\"article:publisher\" content=\"https:\/\/www.facebook.com\/cgceducacao\/?locale=pt_BR\" \/>\n<meta property=\"article:modified_time\" content=\"2025-07-29T18:06:08+00:00\" \/>\n<meta property=\"og:image\" content=\"https:\/\/cgceducacao.com.br\/wp-content\/uploads\/2020\/08\/ceci-perfil.png\" \/>\n<meta name=\"twitter:card\" content=\"summary_large_image\" \/>\n<meta name=\"twitter:site\" content=\"@cgceducacao\" \/>\n<meta name=\"twitter:label1\" content=\"Est. tempo de leitura\" \/>\n\t<meta name=\"twitter:data1\" content=\"3 minutos\" \/>\n<script type=\"application\/ld+json\" class=\"yoast-schema-graph\">{\"@context\":\"https:\\\/\\\/schema.org\",\"@graph\":[{\"@type\":\"WebPage\",\"@id\":\"https:\\\/\\\/cgceducacao.com.br\\\/index.php\\\/quem-somos\\\/\",\"url\":\"https:\\\/\\\/cgceducacao.com.br\\\/index.php\\\/quem-somos\\\/\",\"name\":\"QUEM SOMOS - CGC\",\"isPartOf\":{\"@id\":\"https:\\\/\\\/cgceducacao.com.br\\\/#website\"},\"primaryImageOfPage\":{\"@id\":\"https:\\\/\\\/cgceducacao.com.br\\\/index.php\\\/quem-somos\\\/#primaryimage\"},\"image\":{\"@id\":\"https:\\\/\\\/cgceducacao.com.br\\\/index.php\\\/quem-somos\\\/#primaryimage\"},\"thumbnailUrl\":\"https:\\\/\\\/cgceducacao.com.br\\\/wp-content\\\/uploads\\\/2020\\\/08\\\/ceci-perfil.png\",\"datePublished\":\"2020-05-15T01:07:16+00:00\",\"dateModified\":\"2025-07-29T18:06:08+00:00\",\"description\":\"A CGC \u00e9 uma assessoria de imprensa especializada em educa\u00e7\u00e3o, onde com excel\u00eancia, possui mais de 20 anos de atua\u00e7\u00e3o.\",\"breadcrumb\":{\"@id\":\"https:\\\/\\\/cgceducacao.com.br\\\/index.php\\\/quem-somos\\\/#breadcrumb\"},\"inLanguage\":\"pt-BR\",\"potentialAction\":[{\"@type\":\"ReadAction\",\"target\":[\"https:\\\/\\\/cgceducacao.com.br\\\/index.php\\\/quem-somos\\\/\"]}]},{\"@type\":\"ImageObject\",\"inLanguage\":\"pt-BR\",\"@id\":\"https:\\\/\\\/cgceducacao.com.br\\\/index.php\\\/quem-somos\\\/#primaryimage\",\"url\":\"https:\\\/\\\/cgceducacao.com.br\\\/wp-content\\\/uploads\\\/2020\\\/08\\\/ceci-perfil.png\",\"contentUrl\":\"https:\\\/\\\/cgceducacao.com.br\\\/wp-content\\\/uploads\\\/2020\\\/08\\\/ceci-perfil.png\",\"width\":150,\"height\":150,\"caption\":\"Cec\u00edlia Galv\u00e3o\"},{\"@type\":\"BreadcrumbList\",\"@id\":\"https:\\\/\\\/cgceducacao.com.br\\\/index.php\\\/quem-somos\\\/#breadcrumb\",\"itemListElement\":[{\"@type\":\"ListItem\",\"position\":1,\"name\":\"In\u00edcio\",\"item\":\"https:\\\/\\\/cgceducacao.com.br\\\/\"},{\"@type\":\"ListItem\",\"position\":2,\"name\":\"QUEM SOMOS\"}]},{\"@type\":\"WebSite\",\"@id\":\"https:\\\/\\\/cgceducacao.com.br\\\/#website\",\"url\":\"https:\\\/\\\/cgceducacao.com.br\\\/\",\"name\":\"CGC\",\"description\":\"Comunica\u00e7\u00e3o em Educa\u00e7\u00e3o\",\"publisher\":{\"@id\":\"https:\\\/\\\/cgceducacao.com.br\\\/#organization\"},\"potentialAction\":[{\"@type\":\"SearchAction\",\"target\":{\"@type\":\"EntryPoint\",\"urlTemplate\":\"https:\\\/\\\/cgceducacao.com.br\\\/?s={search_term_string}\"},\"query-input\":{\"@type\":\"PropertyValueSpecification\",\"valueRequired\":true,\"valueName\":\"search_term_string\"}}],\"inLanguage\":\"pt-BR\"},{\"@type\":\"Organization\",\"@id\":\"https:\\\/\\\/cgceducacao.com.br\\\/#organization\",\"name\":\"CGC EDUCA\u00c7\u00c3O\",\"url\":\"https:\\\/\\\/cgceducacao.com.br\\\/\",\"logo\":{\"@type\":\"ImageObject\",\"inLanguage\":\"pt-BR\",\"@id\":\"https:\\\/\\\/cgceducacao.com.br\\\/#\\\/schema\\\/logo\\\/image\\\/\",\"url\":\"https:\\\/\\\/cgceducacao.com.br\\\/wp-content\\\/uploads\\\/2022\\\/04\\\/LOGO-CGC.jpg\",\"contentUrl\":\"https:\\\/\\\/cgceducacao.com.br\\\/wp-content\\\/uploads\\\/2022\\\/04\\\/LOGO-CGC.jpg\",\"width\":200,\"height\":200,\"caption\":\"CGC EDUCA\u00c7\u00c3O\"},\"image\":{\"@id\":\"https:\\\/\\\/cgceducacao.com.br\\\/#\\\/schema\\\/logo\\\/image\\\/\"},\"sameAs\":[\"https:\\\/\\\/www.facebook.com\\\/cgceducacao\\\/?locale=pt_BR\",\"https:\\\/\\\/x.com\\\/cgceducacao\",\"https:\\\/\\\/www.instagram.com\\\/cgceducacao\\\/\",\"https:\\\/\\\/www.linkedin.com\\\/company\\\/cgc-educacao?originalSubdomain=br\",\"https:\\\/\\\/www.youtube.com\\\/@CGCComunicacaoemEducacao\"]}]}<\/script>\n<!-- \/ Yoast SEO plugin. -->","yoast_head_json":{"title":"QUEM SOMOS - CGC","description":"A CGC \u00e9 uma assessoria de imprensa especializada em educa\u00e7\u00e3o, onde com excel\u00eancia, possui mais de 20 anos de atua\u00e7\u00e3o.","robots":{"index":"index","follow":"follow","max-snippet":"max-snippet:-1","max-image-preview":"max-image-preview:large","max-video-preview":"max-video-preview:-1"},"canonical":"https:\/\/cgceducacao.com.br\/index.php\/quem-somos\/","og_locale":"pt_BR","og_type":"article","og_title":"QUEM SOMOS - CGC","og_description":"A CGC \u00e9 uma assessoria de imprensa especializada em educa\u00e7\u00e3o, onde com excel\u00eancia, possui mais de 20 anos de atua\u00e7\u00e3o.","og_url":"https:\/\/cgceducacao.com.br\/index.php\/quem-somos\/","og_site_name":"CGC","article_publisher":"https:\/\/www.facebook.com\/cgceducacao\/?locale=pt_BR","article_modified_time":"2025-07-29T18:06:08+00:00","og_image":[{"url":"https:\/\/cgceducacao.com.br\/wp-content\/uploads\/2020\/08\/ceci-perfil.png","type":"","width":"","height":""}],"twitter_card":"summary_large_image","twitter_site":"@cgceducacao","twitter_misc":{"Est. tempo de leitura":"3 minutos"},"schema":{"@context":"https:\/\/schema.org","@graph":[{"@type":"WebPage","@id":"https:\/\/cgceducacao.com.br\/index.php\/quem-somos\/","url":"https:\/\/cgceducacao.com.br\/index.php\/quem-somos\/","name":"QUEM SOMOS - CGC","isPartOf":{"@id":"https:\/\/cgceducacao.com.br\/#website"},"primaryImageOfPage":{"@id":"https:\/\/cgceducacao.com.br\/index.php\/quem-somos\/#primaryimage"},"image":{"@id":"https:\/\/cgceducacao.com.br\/index.php\/quem-somos\/#primaryimage"},"thumbnailUrl":"https:\/\/cgceducacao.com.br\/wp-content\/uploads\/2020\/08\/ceci-perfil.png","datePublished":"2020-05-15T01:07:16+00:00","dateModified":"2025-07-29T18:06:08+00:00","description":"A CGC \u00e9 uma assessoria de imprensa especializada em educa\u00e7\u00e3o, onde com excel\u00eancia, possui mais de 20 anos de atua\u00e7\u00e3o.","breadcrumb":{"@id":"https:\/\/cgceducacao.com.br\/index.php\/quem-somos\/#breadcrumb"},"inLanguage":"pt-BR","potentialAction":[{"@type":"ReadAction","target":["https:\/\/cgceducacao.com.br\/index.php\/quem-somos\/"]}]},{"@type":"ImageObject","inLanguage":"pt-BR","@id":"https:\/\/cgceducacao.com.br\/index.php\/quem-somos\/#primaryimage","url":"https:\/\/cgceducacao.com.br\/wp-content\/uploads\/2020\/08\/ceci-perfil.png","contentUrl":"https:\/\/cgceducacao.com.br\/wp-content\/uploads\/2020\/08\/ceci-perfil.png","width":150,"height":150,"caption":"Cec\u00edlia Galv\u00e3o"},{"@type":"BreadcrumbList","@id":"https:\/\/cgceducacao.com.br\/index.php\/quem-somos\/#breadcrumb","itemListElement":[{"@type":"ListItem","position":1,"name":"In\u00edcio","item":"https:\/\/cgceducacao.com.br\/"},{"@type":"ListItem","position":2,"name":"QUEM SOMOS"}]},{"@type":"WebSite","@id":"https:\/\/cgceducacao.com.br\/#website","url":"https:\/\/cgceducacao.com.br\/","name":"CGC","description":"Comunica\u00e7\u00e3o em Educa\u00e7\u00e3o","publisher":{"@id":"https:\/\/cgceducacao.com.br\/#organization"},"potentialAction":[{"@type":"SearchAction","target":{"@type":"EntryPoint","urlTemplate":"https:\/\/cgceducacao.com.br\/?s={search_term_string}"},"query-input":{"@type":"PropertyValueSpecification","valueRequired":true,"valueName":"search_term_string"}}],"inLanguage":"pt-BR"},{"@type":"Organization","@id":"https:\/\/cgceducacao.com.br\/#organization","name":"CGC EDUCA\u00c7\u00c3O","url":"https:\/\/cgceducacao.com.br\/","logo":{"@type":"ImageObject","inLanguage":"pt-BR","@id":"https:\/\/cgceducacao.com.br\/#\/schema\/logo\/image\/","url":"https:\/\/cgceducacao.com.br\/wp-content\/uploads\/2022\/04\/LOGO-CGC.jpg","contentUrl":"https:\/\/cgceducacao.com.br\/wp-content\/uploads\/2022\/04\/LOGO-CGC.jpg","width":200,"height":200,"caption":"CGC EDUCA\u00c7\u00c3O"},"image":{"@id":"https:\/\/cgceducacao.com.br\/#\/schema\/logo\/image\/"},"sameAs":["https:\/\/www.facebook.com\/cgceducacao\/?locale=pt_BR","https:\/\/x.com\/cgceducacao","https:\/\/www.instagram.com\/cgceducacao\/","https:\/\/www.linkedin.com\/company\/cgc-educacao?originalSubdomain=br","https:\/\/www.youtube.com\/@CGCComunicacaoemEducacao"]}]}},"_links":{"self":[{"href":"https:\/\/cgceducacao.com.br\/index.php\/wp-json\/wp\/v2\/pages\/322","targetHints":{"allow":["GET"]}}],"collection":[{"href":"https:\/\/cgceducacao.com.br\/index.php\/wp-json\/wp\/v2\/pages"}],"about":[{"href":"https:\/\/cgceducacao.com.br\/index.php\/wp-json\/wp\/v2\/types\/page"}],"author":[{"embeddable":true,"href":"https:\/\/cgceducacao.com.br\/index.php\/wp-json\/wp\/v2\/users\/1"}],"replies":[{"embeddable":true,"href":"https:\/\/cgceducacao.com.br\/index.php\/wp-json\/wp\/v2\/comments?post=322"}],"version-history":[{"count":48,"href":"https:\/\/cgceducacao.com.br\/index.php\/wp-json\/wp\/v2\/pages\/322\/revisions"}],"predecessor-version":[{"id":21664,"href":"https:\/\/cgceducacao.com.br\/index.php\/wp-json\/wp\/v2\/pages\/322\/revisions\/21664"}],"wp:attachment":[{"href":"https:\/\/cgceducacao.com.br\/index.php\/wp-json\/wp\/v2\/media?parent=322"}],"curies":[{"name":"wp","href":"https:\/\/api.w.org\/{rel}","templated":true}]}}