{"id":323,"date":"2020-05-14T22:07:19","date_gmt":"2020-05-15T01:07:19","guid":{"rendered":"https:\/\/cgceducacao.com.br\/?page_id=323"},"modified":"2022-04-27T16:18:23","modified_gmt":"2022-04-27T19:18:23","slug":"reservado","status":"publish","type":"page","link":"https:\/\/cgceducacao.com.br\/index.php\/reservado\/","title":{"rendered":"Reservado"},"content":{"rendered":"<p>Esse espa\u00e7o \u00e9 restrito ao cliente, para que ele possa acompanhar de perto o trabalho da CGC: acessar o seu clipping, pautas desenvolvidas e o status de cada produ\u00e7\u00e3o.<\/p>\n<p><strong>Clique abaixo para continuar:<\/strong><\/p>\n<p><a href=\"https:\/\/sigecom.com.br\/cgc\/\" data-text=\"Reservado\"><br \/>\nAcessar<br \/>\n<\/a><\/p>\n","protected":false},"excerpt":{"rendered":"<p>Esse espa\u00e7o \u00e9 restrito ao cliente, para que ele possa acompanhar de perto o trabalho da CGC: acessar o seu clipping, pautas desenvolvidas e o status de cada produ\u00e7\u00e3o. Clique&hellip; <\/p>\n","protected":false},"author":1,"featured_media":0,"parent":0,"menu_order":0,"comment_status":"closed","ping_status":"closed","template":"","meta":{"footnotes":""},"class_list":["post-323","page","type-page","status-publish","hentry"],"yoast_head":"<!-- This site is optimized with the Yoast SEO plugin v27.4 - https:\/\/yoast.com\/product\/yoast-seo-wordpress\/ -->\n<title>Reservado - CGC<\/title>\n<meta name=\"description\" content=\"\u00c1rea reservada para clientes CGC, onde conseguem ter acesso \u00e0 todas as mat\u00e9rias publicadas em que estiveram envolvido.\" \/>\n<meta name=\"robots\" content=\"index, follow, max-snippet:-1, max-image-preview:large, max-video-preview:-1\" \/>\n<link rel=\"canonical\" href=\"https:\/\/cgceducacao.com.br\/index.php\/reservado\/\" \/>\n<meta property=\"og:locale\" content=\"pt_BR\" \/>\n<meta property=\"og:type\" content=\"article\" \/>\n<meta property=\"og:title\" content=\"Reservado - CGC\" \/>\n<meta property=\"og:description\" content=\"\u00c1rea reservada para clientes CGC, onde conseguem ter acesso \u00e0 todas as mat\u00e9rias publicadas em que estiveram envolvido.\" \/>\n<meta property=\"og:url\" content=\"https:\/\/cgceducacao.com.br\/index.php\/reservado\/\" \/>\n<meta property=\"og:site_name\" content=\"CGC\" \/>\n<meta property=\"article:publisher\" content=\"https:\/\/www.facebook.com\/cgceducacao\/?locale=pt_BR\" \/>\n<meta property=\"article:modified_time\" content=\"2022-04-27T19:18:23+00:00\" \/>\n<meta property=\"og:image\" content=\"https:\/\/cgceducacao.com.br\/wp-content\/uploads\/2023\/05\/free-Delivery-12.png\" \/>\n\t<meta property=\"og:image:width\" content=\"3375\" \/>\n\t<meta property=\"og:image:height\" content=\"3375\" \/>\n\t<meta property=\"og:image:type\" content=\"image\/png\" \/>\n<meta name=\"twitter:card\" content=\"summary_large_image\" \/>\n<meta name=\"twitter:site\" content=\"@cgceducacao\" \/>\n<meta name=\"twitter:label1\" content=\"Est. tempo de leitura\" \/>\n\t<meta name=\"twitter:data1\" content=\"1 minuto\" \/>\n<script type=\"application\/ld+json\" class=\"yoast-schema-graph\">{\"@context\":\"https:\\\/\\\/schema.org\",\"@graph\":[{\"@type\":\"WebPage\",\"@id\":\"https:\\\/\\\/cgceducacao.com.br\\\/index.php\\\/reservado\\\/\",\"url\":\"https:\\\/\\\/cgceducacao.com.br\\\/index.php\\\/reservado\\\/\",\"name\":\"Reservado - CGC\",\"isPartOf\":{\"@id\":\"https:\\\/\\\/cgceducacao.com.br\\\/#website\"},\"datePublished\":\"2020-05-15T01:07:19+00:00\",\"dateModified\":\"2022-04-27T19:18:23+00:00\",\"description\":\"\u00c1rea reservada para clientes CGC, onde conseguem ter acesso \u00e0 todas as mat\u00e9rias publicadas em que estiveram envolvido.\",\"breadcrumb\":{\"@id\":\"https:\\\/\\\/cgceducacao.com.br\\\/index.php\\\/reservado\\\/#breadcrumb\"},\"inLanguage\":\"pt-BR\",\"potentialAction\":[{\"@type\":\"ReadAction\",\"target\":[\"https:\\\/\\\/cgceducacao.com.br\\\/index.php\\\/reservado\\\/\"]}]},{\"@type\":\"BreadcrumbList\",\"@id\":\"https:\\\/\\\/cgceducacao.com.br\\\/index.php\\\/reservado\\\/#breadcrumb\",\"itemListElement\":[{\"@type\":\"ListItem\",\"position\":1,\"name\":\"In\u00edcio\",\"item\":\"https:\\\/\\\/cgceducacao.com.br\\\/\"},{\"@type\":\"ListItem\",\"position\":2,\"name\":\"Reservado\"}]},{\"@type\":\"WebSite\",\"@id\":\"https:\\\/\\\/cgceducacao.com.br\\\/#website\",\"url\":\"https:\\\/\\\/cgceducacao.com.br\\\/\",\"name\":\"CGC\",\"description\":\"Comunica\u00e7\u00e3o em Educa\u00e7\u00e3o\",\"publisher\":{\"@id\":\"https:\\\/\\\/cgceducacao.com.br\\\/#organization\"},\"potentialAction\":[{\"@type\":\"SearchAction\",\"target\":{\"@type\":\"EntryPoint\",\"urlTemplate\":\"https:\\\/\\\/cgceducacao.com.br\\\/?s={search_term_string}\"},\"query-input\":{\"@type\":\"PropertyValueSpecification\",\"valueRequired\":true,\"valueName\":\"search_term_string\"}}],\"inLanguage\":\"pt-BR\"},{\"@type\":\"Organization\",\"@id\":\"https:\\\/\\\/cgceducacao.com.br\\\/#organization\",\"name\":\"CGC EDUCA\u00c7\u00c3O\",\"url\":\"https:\\\/\\\/cgceducacao.com.br\\\/\",\"logo\":{\"@type\":\"ImageObject\",\"inLanguage\":\"pt-BR\",\"@id\":\"https:\\\/\\\/cgceducacao.com.br\\\/#\\\/schema\\\/logo\\\/image\\\/\",\"url\":\"https:\\\/\\\/cgceducacao.com.br\\\/wp-content\\\/uploads\\\/2022\\\/04\\\/LOGO-CGC.jpg\",\"contentUrl\":\"https:\\\/\\\/cgceducacao.com.br\\\/wp-content\\\/uploads\\\/2022\\\/04\\\/LOGO-CGC.jpg\",\"width\":200,\"height\":200,\"caption\":\"CGC EDUCA\u00c7\u00c3O\"},\"image\":{\"@id\":\"https:\\\/\\\/cgceducacao.com.br\\\/#\\\/schema\\\/logo\\\/image\\\/\"},\"sameAs\":[\"https:\\\/\\\/www.facebook.com\\\/cgceducacao\\\/?locale=pt_BR\",\"https:\\\/\\\/x.com\\\/cgceducacao\",\"https:\\\/\\\/www.instagram.com\\\/cgceducacao\\\/\",\"https:\\\/\\\/www.linkedin.com\\\/company\\\/cgc-educacao?originalSubdomain=br\",\"https:\\\/\\\/www.youtube.com\\\/@CGCComunicacaoemEducacao\"]}]}<\/script>\n<!-- \/ Yoast SEO plugin. -->","yoast_head_json":{"title":"Reservado - CGC","description":"\u00c1rea reservada para clientes CGC, onde conseguem ter acesso \u00e0 todas as mat\u00e9rias publicadas em que estiveram envolvido.","robots":{"index":"index","follow":"follow","max-snippet":"max-snippet:-1","max-image-preview":"max-image-preview:large","max-video-preview":"max-video-preview:-1"},"canonical":"https:\/\/cgceducacao.com.br\/index.php\/reservado\/","og_locale":"pt_BR","og_type":"article","og_title":"Reservado - CGC","og_description":"\u00c1rea reservada para clientes CGC, onde conseguem ter acesso \u00e0 todas as mat\u00e9rias publicadas em que estiveram envolvido.","og_url":"https:\/\/cgceducacao.com.br\/index.php\/reservado\/","og_site_name":"CGC","article_publisher":"https:\/\/www.facebook.com\/cgceducacao\/?locale=pt_BR","article_modified_time":"2022-04-27T19:18:23+00:00","og_image":[{"width":3375,"height":3375,"url":"https:\/\/cgceducacao.com.br\/wp-content\/uploads\/2023\/05\/free-Delivery-12.png","type":"image\/png"}],"twitter_card":"summary_large_image","twitter_site":"@cgceducacao","twitter_misc":{"Est. tempo de leitura":"1 minuto"},"schema":{"@context":"https:\/\/schema.org","@graph":[{"@type":"WebPage","@id":"https:\/\/cgceducacao.com.br\/index.php\/reservado\/","url":"https:\/\/cgceducacao.com.br\/index.php\/reservado\/","name":"Reservado - CGC","isPartOf":{"@id":"https:\/\/cgceducacao.com.br\/#website"},"datePublished":"2020-05-15T01:07:19+00:00","dateModified":"2022-04-27T19:18:23+00:00","description":"\u00c1rea reservada para clientes CGC, onde conseguem ter acesso \u00e0 todas as mat\u00e9rias publicadas em que estiveram envolvido.","breadcrumb":{"@id":"https:\/\/cgceducacao.com.br\/index.php\/reservado\/#breadcrumb"},"inLanguage":"pt-BR","potentialAction":[{"@type":"ReadAction","target":["https:\/\/cgceducacao.com.br\/index.php\/reservado\/"]}]},{"@type":"BreadcrumbList","@id":"https:\/\/cgceducacao.com.br\/index.php\/reservado\/#breadcrumb","itemListElement":[{"@type":"ListItem","position":1,"name":"In\u00edcio","item":"https:\/\/cgceducacao.com.br\/"},{"@type":"ListItem","position":2,"name":"Reservado"}]},{"@type":"WebSite","@id":"https:\/\/cgceducacao.com.br\/#website","url":"https:\/\/cgceducacao.com.br\/","name":"CGC","description":"Comunica\u00e7\u00e3o em Educa\u00e7\u00e3o","publisher":{"@id":"https:\/\/cgceducacao.com.br\/#organization"},"potentialAction":[{"@type":"SearchAction","target":{"@type":"EntryPoint","urlTemplate":"https:\/\/cgceducacao.com.br\/?s={search_term_string}"},"query-input":{"@type":"PropertyValueSpecification","valueRequired":true,"valueName":"search_term_string"}}],"inLanguage":"pt-BR"},{"@type":"Organization","@id":"https:\/\/cgceducacao.com.br\/#organization","name":"CGC EDUCA\u00c7\u00c3O","url":"https:\/\/cgceducacao.com.br\/","logo":{"@type":"ImageObject","inLanguage":"pt-BR","@id":"https:\/\/cgceducacao.com.br\/#\/schema\/logo\/image\/","url":"https:\/\/cgceducacao.com.br\/wp-content\/uploads\/2022\/04\/LOGO-CGC.jpg","contentUrl":"https:\/\/cgceducacao.com.br\/wp-content\/uploads\/2022\/04\/LOGO-CGC.jpg","width":200,"height":200,"caption":"CGC EDUCA\u00c7\u00c3O"},"image":{"@id":"https:\/\/cgceducacao.com.br\/#\/schema\/logo\/image\/"},"sameAs":["https:\/\/www.facebook.com\/cgceducacao\/?locale=pt_BR","https:\/\/x.com\/cgceducacao","https:\/\/www.instagram.com\/cgceducacao\/","https:\/\/www.linkedin.com\/company\/cgc-educacao?originalSubdomain=br","https:\/\/www.youtube.com\/@CGCComunicacaoemEducacao"]}]}},"_links":{"self":[{"href":"https:\/\/cgceducacao.com.br\/index.php\/wp-json\/wp\/v2\/pages\/323","targetHints":{"allow":["GET"]}}],"collection":[{"href":"https:\/\/cgceducacao.com.br\/index.php\/wp-json\/wp\/v2\/pages"}],"about":[{"href":"https:\/\/cgceducacao.com.br\/index.php\/wp-json\/wp\/v2\/types\/page"}],"author":[{"embeddable":true,"href":"https:\/\/cgceducacao.com.br\/index.php\/wp-json\/wp\/v2\/users\/1"}],"replies":[{"embeddable":true,"href":"https:\/\/cgceducacao.com.br\/index.php\/wp-json\/wp\/v2\/comments?post=323"}],"version-history":[{"count":8,"href":"https:\/\/cgceducacao.com.br\/index.php\/wp-json\/wp\/v2\/pages\/323\/revisions"}],"predecessor-version":[{"id":1046,"href":"https:\/\/cgceducacao.com.br\/index.php\/wp-json\/wp\/v2\/pages\/323\/revisions\/1046"}],"wp:attachment":[{"href":"https:\/\/cgceducacao.com.br\/index.php\/wp-json\/wp\/v2\/media?parent=323"}],"curies":[{"name":"wp","href":"https:\/\/api.w.org\/{rel}","templated":true}]}}