{"id":448,"date":"2020-05-29T17:47:41","date_gmt":"2020-05-29T20:47:41","guid":{"rendered":"https:\/\/cgceducacao.com.br\/?page_id=448"},"modified":"2025-09-10T14:59:39","modified_gmt":"2025-09-10T17:59:39","slug":"pagina-inicial","status":"publish","type":"page","link":"https:\/\/cgceducacao.com.br\/","title":{"rendered":""},"content":{"rendered":"<h1><span style=\"color: #000000;\"><strong>FONTES DA EDUCA\u00c7\u00c3O<\/strong><\/span><\/h1>\n<p><span style=\"color: #000000;\">Em \u201cFontes de Educa\u00e7\u00e3o\u201d temos agregadas as principais not\u00edcias em pesquisas e educa\u00e7\u00e3o veiculadas pelas maiores universidades brasileiras, al\u00e9m das ag\u00eancias de not\u00edcias<\/span><\/p>\n<article data-id=\"20147\"><img loading=\"lazy\" decoding=\"async\" src=\"https:\/\/cgceducacao.com.br\/wp-content\/uploads\/2024\/08\/hqdefault-12-300x225.jpg\" sizes=\"auto, (max-width: 300px) 100vw, 300px\" srcset=\"https:\/\/cgceducacao.com.br\/wp-content\/uploads\/2024\/08\/hqdefault-12-300x225.jpg 300w, https:\/\/cgceducacao.com.br\/wp-content\/uploads\/2024\/08\/hqdefault-12.jpg 480w\" alt=\"\" width=\"300\" height=\"225\" \/><\/p>\n<header>\n<h3><span style=\"color: #000000;\"><a style=\"color: #000000;\" title=\"Jorge Caldeira: A Nova Economia\" href=\"https:\/\/cgceducacao.com.br\/index.php\/2024\/08\/29\/jorge-caldeira-a-nova-economia\/\">Jorge Caldeira: A Nova Economia<\/a><\/span><\/h3>\n<\/header>\n<p>Para acessar o conte\u00fado, basta clicar no t\u00edtulo!<\/p>\n<p><span style=\"color: #000000;\"><a style=\"color: #000000;\" href=\"https:\/\/cgceducacao.com.br\/index.php\/2024\/08\/29\/jorge-caldeira-a-nova-economia\/\">Ler mais&#8230;<\/a><\/span><\/p>\n<\/article>\n<article data-id=\"20134\"><img loading=\"lazy\" decoding=\"async\" src=\"https:\/\/cgceducacao.com.br\/wp-content\/uploads\/2024\/08\/hqdefault-11-300x225.jpg\" sizes=\"auto, (max-width: 300px) 100vw, 300px\" srcset=\"https:\/\/cgceducacao.com.br\/wp-content\/uploads\/2024\/08\/hqdefault-11-300x225.jpg 300w, https:\/\/cgceducacao.com.br\/wp-content\/uploads\/2024\/08\/hqdefault-11.jpg 480w\" alt=\"\" width=\"300\" height=\"225\" \/><\/p>\n<header>\n<h3><span style=\"color: #000000;\"><a style=\"color: #000000;\" title=\"Nouriel Roubini: A rela\u00e7\u00e3o entre mudan\u00e7as clim\u00e1ticas e a pandemia\" href=\"https:\/\/cgceducacao.com.br\/index.php\/2024\/08\/28\/nouriel-roubini-a-relacao-entre-mudancas-climaticas-e-a-pandemia\/\">Nouriel Roubini: A rela\u00e7\u00e3o entre mudan\u00e7as clim\u00e1ticas e a pandemia<\/a><\/span><\/h3>\n<\/header>\n<p><span style=\"color: #000000;\">O risco de novas pandemias aumenta \u00e0 medida que continuamos a alterar o meio ambiente em que vivemos. O aumento&#8230;<\/span><\/p>\n<p><span style=\"color: #000000;\"><a style=\"color: #000000;\" href=\"https:\/\/cgceducacao.com.br\/index.php\/2024\/08\/28\/nouriel-roubini-a-relacao-entre-mudancas-climaticas-e-a-pandemia\/\">Ler mais&#8230;<\/a><\/span><\/p>\n<\/article>\n<article data-id=\"20126\"><img loading=\"lazy\" decoding=\"async\" src=\"https:\/\/cgceducacao.com.br\/wp-content\/uploads\/2024\/08\/hqdefault-10-300x225.jpg\" sizes=\"auto, (max-width: 300px) 100vw, 300px\" srcset=\"https:\/\/cgceducacao.com.br\/wp-content\/uploads\/2024\/08\/hqdefault-10-300x225.jpg 300w, https:\/\/cgceducacao.com.br\/wp-content\/uploads\/2024\/08\/hqdefault-10.jpg 480w\" alt=\"\" width=\"300\" height=\"225\" \/><\/p>\n<header>\n<h3><span style=\"color: #000000;\"><a style=\"color: #000000;\" title=\"Christopher Kastensmidt: A Imagina\u00e7\u00e3o \u00e9 o Come\u00e7o de Tudo\" href=\"https:\/\/cgceducacao.com.br\/index.php\/2024\/08\/24\/christopher-kastensmidt-a-imaginacao-e-o-comeco-de-tudo\/\">Christopher Kastensmidt: A Imagina\u00e7\u00e3o \u00e9 o Come\u00e7o de Tudo<\/a><\/span><\/h3>\n<\/header>\n<p><span style=\"color: #000000;\">A capacidade de imaginar n\u00e3o apenas uma carreira ou uma vida, mas tamb\u00e9m de fazer inven\u00e7\u00f5es, \u00e9 essencial para o&#8230;<\/span><\/p>\n<p><span style=\"color: #000000;\"><a style=\"color: #000000;\" href=\"https:\/\/cgceducacao.com.br\/index.php\/2024\/08\/24\/christopher-kastensmidt-a-imaginacao-e-o-comeco-de-tudo\/\">Ler mais&#8230;<\/a><\/span><\/p>\n<\/article>\n<article data-id=\"20119\"><img loading=\"lazy\" decoding=\"async\" src=\"https:\/\/cgceducacao.com.br\/wp-content\/uploads\/2024\/08\/hqdefault-9-300x225.jpg\" sizes=\"auto, (max-width: 300px) 100vw, 300px\" srcset=\"https:\/\/cgceducacao.com.br\/wp-content\/uploads\/2024\/08\/hqdefault-9-300x225.jpg 300w, https:\/\/cgceducacao.com.br\/wp-content\/uploads\/2024\/08\/hqdefault-9.jpg 480w\" alt=\"\" width=\"300\" height=\"225\" \/><\/p>\n<header>\n<h3><span style=\"color: #000000;\"><a style=\"color: #000000;\" title=\"Nouriel Roubini: Desafios e Oportunidades para o Futuro do Brasil\" href=\"https:\/\/cgceducacao.com.br\/index.php\/2024\/08\/22\/nouriel-roubini-desafios-e-oportunidades-para-o-futuro-do-brasil\/\">Nouriel Roubini: Desafios e Oportunidades para o Futuro do Brasil<\/a><\/span><\/h3>\n<\/header>\n<p><a href=\"https:\/\/cgceducacao.com.br\/index.php\/2024\/08\/22\/nouriel-roubini-desafios-e-oportunidades-para-o-futuro-do-brasil\/\"><span style=\"color: #000000;\">Ler mais&#8230;<\/span><\/a><\/p>\n<\/article>\n<article data-id=\"20104\"><img loading=\"lazy\" decoding=\"async\" src=\"https:\/\/cgceducacao.com.br\/wp-content\/uploads\/2024\/08\/hqdefault-8-300x225.jpg\" sizes=\"auto, (max-width: 300px) 100vw, 300px\" srcset=\"https:\/\/cgceducacao.com.br\/wp-content\/uploads\/2024\/08\/hqdefault-8-300x225.jpg 300w, https:\/\/cgceducacao.com.br\/wp-content\/uploads\/2024\/08\/hqdefault-8.jpg 480w\" alt=\"\" width=\"300\" height=\"225\" \/><\/p>\n<header>\n<h3><span style=\"color: #000000;\"><a style=\"color: #000000;\" title=\"Janna Levin: Como seria cair em um buraco negro?\" href=\"https:\/\/cgceducacao.com.br\/index.php\/2024\/08\/19\/janna-levin-como-seria-cair-em-um-buraco-negro\/\">Janna Levin: Como seria cair em um buraco negro?<\/a><\/span><\/h3>\n<\/header>\n<p><span style=\"color: #000000;\">Cair em um buraco negro seria brilhante e a pessoa veria mil\u00eanios passarem e civiliza\u00e7\u00f5es surgirem e desaparecerem, porque o&#8230;<\/span><\/p>\n<p><span style=\"color: #000000;\"><a style=\"color: #000000;\" href=\"https:\/\/cgceducacao.com.br\/index.php\/2024\/08\/19\/janna-levin-como-seria-cair-em-um-buraco-negro\/\">Ler mais&#8230;<\/a><\/span><\/p>\n<\/article>\n<article data-id=\"20098\"><img loading=\"lazy\" decoding=\"async\" src=\"https:\/\/cgceducacao.com.br\/wp-content\/uploads\/2024\/08\/hqdefault-7-300x225.jpg\" sizes=\"auto, (max-width: 300px) 100vw, 300px\" srcset=\"https:\/\/cgceducacao.com.br\/wp-content\/uploads\/2024\/08\/hqdefault-7-300x225.jpg 300w, https:\/\/cgceducacao.com.br\/wp-content\/uploads\/2024\/08\/hqdefault-7.jpg 480w\" alt=\"\" width=\"300\" height=\"225\" \/><\/p>\n<header>\n<h3><span style=\"color: #000000;\"><a style=\"color: #000000;\" title=\"Edgar Morin: A Improv\u00e1vel Jornada da Democracia\" href=\"https:\/\/cgceducacao.com.br\/index.php\/2024\/08\/15\/edgar-morin-a-improvavel-jornada-da-democracia\/\">Edgar Morin: A Improv\u00e1vel Jornada da Democracia<\/a><\/span><\/h3>\n<\/header>\n<p><span style=\"color: #000000;\"><a style=\"color: #000000;\" href=\"https:\/\/cgceducacao.com.br\/index.php\/2024\/08\/15\/edgar-morin-a-improvavel-jornada-da-democracia\/\">Ler mais&#8230;<\/a><\/span><\/p>\n<\/article>\n<article data-id=\"20084\"><img loading=\"lazy\" decoding=\"async\" src=\"https:\/\/cgceducacao.com.br\/wp-content\/uploads\/2024\/08\/image-3-1-e1723215630301-300x171.png\" sizes=\"auto, (max-width: 300px) 100vw, 300px\" srcset=\"https:\/\/cgceducacao.com.br\/wp-content\/uploads\/2024\/08\/image-3-1-e1723215630301-300x171.png 300w, https:\/\/cgceducacao.com.br\/wp-content\/uploads\/2024\/08\/image-3-1-e1723215630301-768x437.png 768w, https:\/\/cgceducacao.com.br\/wp-content\/uploads\/2024\/08\/image-3-1-e1723215630301.png 807w\" alt=\"\" width=\"300\" height=\"171\" \/><\/p>\n<header>\n<h3><span style=\"color: #000000;\"><a style=\"color: #000000;\" title=\"USP: encontro de amor de Mari e Vini\" href=\"https:\/\/cgceducacao.com.br\/index.php\/2024\/08\/09\/usp-encontro-de-amor-de-mari-e-vini\/\">USP: encontro de amor de Mari e Vini<\/a><\/span><\/h3>\n<\/header>\n<p><span style=\"color: #000000;\">Mariana Araujo Braga, doutoranda da Faculdade de Filosofia, Letras e Ci\u00eancias Humanas (FFLCH) da USP, e Vinicius Juvino dos Santos,&#8230;<\/span><\/p>\n<p><span style=\"color: #000000;\"><a style=\"color: #000000;\" href=\"https:\/\/cgceducacao.com.br\/index.php\/2024\/08\/09\/usp-encontro-de-amor-de-mari-e-vini\/\">Ler mais&#8230;<\/a><\/span><\/p>\n<\/article>\n<article data-id=\"20088\"><img loading=\"lazy\" decoding=\"async\" src=\"https:\/\/cgceducacao.com.br\/wp-content\/uploads\/2024\/05\/chapeu_usp-90anos_campi-Pb-300x25.jpg\" sizes=\"auto, (max-width: 300px) 100vw, 300px\" srcset=\"https:\/\/cgceducacao.com.br\/wp-content\/uploads\/2024\/05\/chapeu_usp-90anos_campi-Pb-300x25.jpg 300w, https:\/\/cgceducacao.com.br\/wp-content\/uploads\/2024\/05\/chapeu_usp-90anos_campi-Pb-1024x85.jpg 1024w, https:\/\/cgceducacao.com.br\/wp-content\/uploads\/2024\/05\/chapeu_usp-90anos_campi-Pb-768x64.jpg 768w, https:\/\/cgceducacao.com.br\/wp-content\/uploads\/2024\/05\/chapeu_usp-90anos_campi-Pb.jpg 1200w\" alt=\"\" width=\"300\" height=\"25\" \/><\/p>\n<header>\n<h3><span style=\"color: #000000;\"><a style=\"color: #000000;\" title=\"FAUFORMA: uma lembran\u00e7a inesquec\u00edvel\" href=\"https:\/\/cgceducacao.com.br\/index.php\/2024\/08\/09\/fauforma-uma-lembranca-inesquecivel\/\">FAUFORMA: uma lembran\u00e7a inesquec\u00edvel<\/a><\/span><\/h3>\n<\/header>\n<p><span style=\"color: #000000;\">Mayara Pillegi, egressa da Faculdade de Arquitetura e Urbanismo (FAU) da USPPara a comemora\u00e7\u00e3o dos 90 anos da USP, eu&#8230;<\/span><\/p>\n<p><span style=\"color: #000000;\"><a style=\"color: #000000;\" href=\"https:\/\/cgceducacao.com.br\/index.php\/2024\/08\/09\/fauforma-uma-lembranca-inesquecivel\/\">Ler mais&#8230;<\/a><\/span><\/p>\n<\/article>\n<article data-id=\"20080\"><img loading=\"lazy\" decoding=\"async\" src=\"https:\/\/cgceducacao.com.br\/wp-content\/uploads\/2024\/05\/chapeu_usp-90anos_campi-Pb-300x25.jpg\" sizes=\"auto, (max-width: 300px) 100vw, 300px\" srcset=\"https:\/\/cgceducacao.com.br\/wp-content\/uploads\/2024\/05\/chapeu_usp-90anos_campi-Pb-300x25.jpg 300w, https:\/\/cgceducacao.com.br\/wp-content\/uploads\/2024\/05\/chapeu_usp-90anos_campi-Pb-1024x85.jpg 1024w, https:\/\/cgceducacao.com.br\/wp-content\/uploads\/2024\/05\/chapeu_usp-90anos_campi-Pb-768x64.jpg 768w, https:\/\/cgceducacao.com.br\/wp-content\/uploads\/2024\/05\/chapeu_usp-90anos_campi-Pb.jpg 1200w\" alt=\"\" width=\"300\" height=\"25\" \/><\/p>\n<header>\n<h3><span style=\"color: #000000;\"><a style=\"color: #000000;\" title=\"O lagarto guardi\u00e3o \u2013 Lendas Uspianas\" href=\"https:\/\/cgceducacao.com.br\/index.php\/2024\/08\/09\/o-lagarto-guardiao-lendas-uspianas\/\">O lagarto guardi\u00e3o \u2013 Lendas Uspianas<\/a><\/span><\/h3>\n<\/header>\n<p><span style=\"color: #000000;\">Marta Marczyk, doutora pela Faculdade de Filosofia, Letras e Ci\u00eancias Humanas (FFLCH) da USPJ\u00e1 n\u00e3o \u00e9 de hoje que se&#8230;<\/span><\/p>\n<p><span style=\"color: #000000;\"><a style=\"color: #000000;\" href=\"https:\/\/cgceducacao.com.br\/index.php\/2024\/08\/09\/o-lagarto-guardiao-lendas-uspianas\/\">Ler mais&#8230;<\/a><\/span><\/p>\n<\/article>\n<h2>CONTATO<\/h2>\n<p><img loading=\"lazy\" decoding=\"async\" src=\"https:\/\/cgceducacao.com.br\/wp-content\/uploads\/2022\/05\/@cgceducacao.png\" sizes=\"auto, (max-width: 5760px) 100vw, 5760px\" srcset=\"https:\/\/cgceducacao.com.br\/wp-content\/uploads\/2022\/05\/@cgceducacao.png 5760w, https:\/\/cgceducacao.com.br\/wp-content\/uploads\/2022\/05\/@cgceducacao-300x169.png 300w, https:\/\/cgceducacao.com.br\/wp-content\/uploads\/2022\/05\/@cgceducacao-1024x576.png 1024w, https:\/\/cgceducacao.com.br\/wp-content\/uploads\/2022\/05\/@cgceducacao-768x432.png 768w, https:\/\/cgceducacao.com.br\/wp-content\/uploads\/2022\/05\/@cgceducacao-1536x864.png 1536w, https:\/\/cgceducacao.com.br\/wp-content\/uploads\/2022\/05\/@cgceducacao-2048x1152.png 2048w\" alt=\"\" width=\"5760\" height=\"3240\" \/><br \/>\n<iframe title=\"Rua Jo\u00e3o Della Manna, 988\" src=\"https:\/\/maps.google.com\/maps?q=Rua%20Jo%C3%A3o%20Della%20Manna%2C%20988&amp;t=m&amp;z=15&amp;output=embed&amp;iwloc=near\" aria-label=\"Rua Jo\u00e3o Della Manna, 988\"><\/iframe><\/p>\n","protected":false},"excerpt":{"rendered":"<p>FONTES DA EDUCA\u00c7\u00c3O Em \u201cFontes de Educa\u00e7\u00e3o\u201d temos agregadas as principais not\u00edcias em pesquisas e educa\u00e7\u00e3o veiculadas pelas maiores universidades brasileiras, al\u00e9m das ag\u00eancias de not\u00edcias Jorge Caldeira: A Nova&hellip; <\/p>\n","protected":false},"author":1,"featured_media":0,"parent":0,"menu_order":0,"comment_status":"closed","ping_status":"closed","template":"","meta":{"footnotes":""},"class_list":["post-448","page","type-page","status-publish","hentry"],"yoast_head":"<!-- This site is optimized with the Yoast SEO plugin v27.3 - https:\/\/yoast.com\/product\/yoast-seo-wordpress\/ -->\n<title>- CGC<\/title>\n<meta name=\"description\" content=\"A CGC \u00e9 uma assessoria de imprensa voltada 100% para educa\u00e7\u00e3o. Nosso objetivo \u00e9 ajudar com boas pautas que agreguem \u00e0 educa\u00e7\u00e3o.\" \/>\n<meta name=\"robots\" content=\"index, follow, max-snippet:-1, max-image-preview:large, max-video-preview:-1\" \/>\n<link rel=\"canonical\" href=\"https:\/\/cgceducacao.com.br\/\" \/>\n<meta property=\"og:locale\" content=\"pt_BR\" \/>\n<meta property=\"og:type\" content=\"article\" \/>\n<meta property=\"og:title\" content=\"- CGC\" \/>\n<meta property=\"og:description\" content=\"A CGC \u00e9 uma assessoria de imprensa voltada 100% para educa\u00e7\u00e3o. Nosso objetivo \u00e9 ajudar com boas pautas que agreguem \u00e0 educa\u00e7\u00e3o.\" \/>\n<meta property=\"og:url\" content=\"https:\/\/cgceducacao.com.br\/\" \/>\n<meta property=\"og:site_name\" content=\"CGC\" \/>\n<meta property=\"article:publisher\" content=\"https:\/\/www.facebook.com\/cgceducacao\/?locale=pt_BR\" \/>\n<meta property=\"article:modified_time\" content=\"2025-09-10T17:59:39+00:00\" \/>\n<meta property=\"og:image\" content=\"https:\/\/cgceducacao.com.br\/wp-content\/uploads\/2024\/08\/hqdefault-12-300x225.jpg\" \/>\n<meta name=\"twitter:card\" content=\"summary_large_image\" \/>\n<meta name=\"twitter:site\" content=\"@cgceducacao\" \/>\n<meta name=\"twitter:label1\" content=\"Est. tempo de leitura\" \/>\n\t<meta name=\"twitter:data1\" content=\"4 minutos\" \/>\n<script type=\"application\/ld+json\" class=\"yoast-schema-graph\">{\"@context\":\"https:\\\/\\\/schema.org\",\"@graph\":[{\"@type\":\"WebPage\",\"@id\":\"https:\\\/\\\/cgceducacao.com.br\\\/\",\"url\":\"https:\\\/\\\/cgceducacao.com.br\\\/\",\"name\":\"- CGC\",\"isPartOf\":{\"@id\":\"https:\\\/\\\/cgceducacao.com.br\\\/#website\"},\"primaryImageOfPage\":{\"@id\":\"https:\\\/\\\/cgceducacao.com.br\\\/#primaryimage\"},\"image\":{\"@id\":\"https:\\\/\\\/cgceducacao.com.br\\\/#primaryimage\"},\"thumbnailUrl\":\"https:\\\/\\\/cgceducacao.com.br\\\/wp-content\\\/uploads\\\/2024\\\/08\\\/hqdefault-12-300x225.jpg\",\"datePublished\":\"2020-05-29T20:47:41+00:00\",\"dateModified\":\"2025-09-10T17:59:39+00:00\",\"description\":\"A CGC \u00e9 uma assessoria de imprensa voltada 100% para educa\u00e7\u00e3o. Nosso objetivo \u00e9 ajudar com boas pautas que agreguem \u00e0 educa\u00e7\u00e3o.\",\"inLanguage\":\"pt-BR\",\"potentialAction\":[{\"@type\":\"ReadAction\",\"target\":[\"https:\\\/\\\/cgceducacao.com.br\\\/\"]}]},{\"@type\":\"ImageObject\",\"inLanguage\":\"pt-BR\",\"@id\":\"https:\\\/\\\/cgceducacao.com.br\\\/#primaryimage\",\"url\":\"https:\\\/\\\/cgceducacao.com.br\\\/wp-content\\\/uploads\\\/2024\\\/08\\\/hqdefault-12.jpg\",\"contentUrl\":\"https:\\\/\\\/cgceducacao.com.br\\\/wp-content\\\/uploads\\\/2024\\\/08\\\/hqdefault-12.jpg\",\"width\":480,\"height\":360},{\"@type\":\"WebSite\",\"@id\":\"https:\\\/\\\/cgceducacao.com.br\\\/#website\",\"url\":\"https:\\\/\\\/cgceducacao.com.br\\\/\",\"name\":\"CGC\",\"description\":\"Comunica\u00e7\u00e3o em Educa\u00e7\u00e3o\",\"publisher\":{\"@id\":\"https:\\\/\\\/cgceducacao.com.br\\\/#organization\"},\"potentialAction\":[{\"@type\":\"SearchAction\",\"target\":{\"@type\":\"EntryPoint\",\"urlTemplate\":\"https:\\\/\\\/cgceducacao.com.br\\\/?s={search_term_string}\"},\"query-input\":{\"@type\":\"PropertyValueSpecification\",\"valueRequired\":true,\"valueName\":\"search_term_string\"}}],\"inLanguage\":\"pt-BR\"},{\"@type\":\"Organization\",\"@id\":\"https:\\\/\\\/cgceducacao.com.br\\\/#organization\",\"name\":\"CGC EDUCA\u00c7\u00c3O\",\"url\":\"https:\\\/\\\/cgceducacao.com.br\\\/\",\"logo\":{\"@type\":\"ImageObject\",\"inLanguage\":\"pt-BR\",\"@id\":\"https:\\\/\\\/cgceducacao.com.br\\\/#\\\/schema\\\/logo\\\/image\\\/\",\"url\":\"https:\\\/\\\/cgceducacao.com.br\\\/wp-content\\\/uploads\\\/2022\\\/04\\\/LOGO-CGC.jpg\",\"contentUrl\":\"https:\\\/\\\/cgceducacao.com.br\\\/wp-content\\\/uploads\\\/2022\\\/04\\\/LOGO-CGC.jpg\",\"width\":200,\"height\":200,\"caption\":\"CGC EDUCA\u00c7\u00c3O\"},\"image\":{\"@id\":\"https:\\\/\\\/cgceducacao.com.br\\\/#\\\/schema\\\/logo\\\/image\\\/\"},\"sameAs\":[\"https:\\\/\\\/www.facebook.com\\\/cgceducacao\\\/?locale=pt_BR\",\"https:\\\/\\\/x.com\\\/cgceducacao\",\"https:\\\/\\\/www.instagram.com\\\/cgceducacao\\\/\",\"https:\\\/\\\/www.linkedin.com\\\/company\\\/cgc-educacao?originalSubdomain=br\",\"https:\\\/\\\/www.youtube.com\\\/@CGCComunicacaoemEducacao\"]}]}<\/script>\n<!-- \/ Yoast SEO plugin. -->","yoast_head_json":{"title":"- CGC","description":"A CGC \u00e9 uma assessoria de imprensa voltada 100% para educa\u00e7\u00e3o. Nosso objetivo \u00e9 ajudar com boas pautas que agreguem \u00e0 educa\u00e7\u00e3o.","robots":{"index":"index","follow":"follow","max-snippet":"max-snippet:-1","max-image-preview":"max-image-preview:large","max-video-preview":"max-video-preview:-1"},"canonical":"https:\/\/cgceducacao.com.br\/","og_locale":"pt_BR","og_type":"article","og_title":"- CGC","og_description":"A CGC \u00e9 uma assessoria de imprensa voltada 100% para educa\u00e7\u00e3o. Nosso objetivo \u00e9 ajudar com boas pautas que agreguem \u00e0 educa\u00e7\u00e3o.","og_url":"https:\/\/cgceducacao.com.br\/","og_site_name":"CGC","article_publisher":"https:\/\/www.facebook.com\/cgceducacao\/?locale=pt_BR","article_modified_time":"2025-09-10T17:59:39+00:00","og_image":[{"url":"https:\/\/cgceducacao.com.br\/wp-content\/uploads\/2024\/08\/hqdefault-12-300x225.jpg","type":"","width":"","height":""}],"twitter_card":"summary_large_image","twitter_site":"@cgceducacao","twitter_misc":{"Est. tempo de leitura":"4 minutos"},"schema":{"@context":"https:\/\/schema.org","@graph":[{"@type":"WebPage","@id":"https:\/\/cgceducacao.com.br\/","url":"https:\/\/cgceducacao.com.br\/","name":"- CGC","isPartOf":{"@id":"https:\/\/cgceducacao.com.br\/#website"},"primaryImageOfPage":{"@id":"https:\/\/cgceducacao.com.br\/#primaryimage"},"image":{"@id":"https:\/\/cgceducacao.com.br\/#primaryimage"},"thumbnailUrl":"https:\/\/cgceducacao.com.br\/wp-content\/uploads\/2024\/08\/hqdefault-12-300x225.jpg","datePublished":"2020-05-29T20:47:41+00:00","dateModified":"2025-09-10T17:59:39+00:00","description":"A CGC \u00e9 uma assessoria de imprensa voltada 100% para educa\u00e7\u00e3o. Nosso objetivo \u00e9 ajudar com boas pautas que agreguem \u00e0 educa\u00e7\u00e3o.","inLanguage":"pt-BR","potentialAction":[{"@type":"ReadAction","target":["https:\/\/cgceducacao.com.br\/"]}]},{"@type":"ImageObject","inLanguage":"pt-BR","@id":"https:\/\/cgceducacao.com.br\/#primaryimage","url":"https:\/\/cgceducacao.com.br\/wp-content\/uploads\/2024\/08\/hqdefault-12.jpg","contentUrl":"https:\/\/cgceducacao.com.br\/wp-content\/uploads\/2024\/08\/hqdefault-12.jpg","width":480,"height":360},{"@type":"WebSite","@id":"https:\/\/cgceducacao.com.br\/#website","url":"https:\/\/cgceducacao.com.br\/","name":"CGC","description":"Comunica\u00e7\u00e3o em Educa\u00e7\u00e3o","publisher":{"@id":"https:\/\/cgceducacao.com.br\/#organization"},"potentialAction":[{"@type":"SearchAction","target":{"@type":"EntryPoint","urlTemplate":"https:\/\/cgceducacao.com.br\/?s={search_term_string}"},"query-input":{"@type":"PropertyValueSpecification","valueRequired":true,"valueName":"search_term_string"}}],"inLanguage":"pt-BR"},{"@type":"Organization","@id":"https:\/\/cgceducacao.com.br\/#organization","name":"CGC EDUCA\u00c7\u00c3O","url":"https:\/\/cgceducacao.com.br\/","logo":{"@type":"ImageObject","inLanguage":"pt-BR","@id":"https:\/\/cgceducacao.com.br\/#\/schema\/logo\/image\/","url":"https:\/\/cgceducacao.com.br\/wp-content\/uploads\/2022\/04\/LOGO-CGC.jpg","contentUrl":"https:\/\/cgceducacao.com.br\/wp-content\/uploads\/2022\/04\/LOGO-CGC.jpg","width":200,"height":200,"caption":"CGC EDUCA\u00c7\u00c3O"},"image":{"@id":"https:\/\/cgceducacao.com.br\/#\/schema\/logo\/image\/"},"sameAs":["https:\/\/www.facebook.com\/cgceducacao\/?locale=pt_BR","https:\/\/x.com\/cgceducacao","https:\/\/www.instagram.com\/cgceducacao\/","https:\/\/www.linkedin.com\/company\/cgc-educacao?originalSubdomain=br","https:\/\/www.youtube.com\/@CGCComunicacaoemEducacao"]}]}},"_links":{"self":[{"href":"https:\/\/cgceducacao.com.br\/index.php\/wp-json\/wp\/v2\/pages\/448","targetHints":{"allow":["GET"]}}],"collection":[{"href":"https:\/\/cgceducacao.com.br\/index.php\/wp-json\/wp\/v2\/pages"}],"about":[{"href":"https:\/\/cgceducacao.com.br\/index.php\/wp-json\/wp\/v2\/types\/page"}],"author":[{"embeddable":true,"href":"https:\/\/cgceducacao.com.br\/index.php\/wp-json\/wp\/v2\/users\/1"}],"replies":[{"embeddable":true,"href":"https:\/\/cgceducacao.com.br\/index.php\/wp-json\/wp\/v2\/comments?post=448"}],"version-history":[{"count":67,"href":"https:\/\/cgceducacao.com.br\/index.php\/wp-json\/wp\/v2\/pages\/448\/revisions"}],"predecessor-version":[{"id":21936,"href":"https:\/\/cgceducacao.com.br\/index.php\/wp-json\/wp\/v2\/pages\/448\/revisions\/21936"}],"wp:attachment":[{"href":"https:\/\/cgceducacao.com.br\/index.php\/wp-json\/wp\/v2\/media?parent=448"}],"curies":[{"name":"wp","href":"https:\/\/api.w.org\/{rel}","templated":true}]}}